{"id":60,"date":"2017-01-25T17:20:11","date_gmt":"2017-01-25T16:20:11","guid":{"rendered":"http:\/\/localhost\/ffbiedermannsdorf\/?page_id=60"},"modified":"2020-02-10T13:48:47","modified_gmt":"2020-02-10T12:48:47","slug":"impressum","status":"publish","type":"page","link":"http:\/\/www.ffbiedermannsdorf.at\/cms\/impressum\/","title":{"rendered":"Impressum"},"content":{"rendered":"\t\t<div data-elementor-type=\"wp-post\" data-elementor-id=\"60\" class=\"elementor elementor-60 elementor-bc-flex-widget\" data-elementor-post-type=\"page\">\n\t\t\t\t\t\t<section class=\"elementor-section elementor-top-section elementor-element elementor-element-cd0p2sf elementor-section-boxed elementor-section-height-default elementor-section-height-default\" data-id=\"cd0p2sf\" data-element_type=\"section\" data-e-type=\"section\">\n\t\t\t\t\t\t<div class=\"elementor-container elementor-column-gap-default\">\n\t\t\t\t\t<div class=\"elementor-column elementor-col-100 elementor-top-column elementor-element elementor-element-bs51dv7\" data-id=\"bs51dv7\" data-element_type=\"column\" data-e-type=\"column\">\n\t\t\t<div class=\"elementor-widget-wrap elementor-element-populated\">\n\t\t\t\t\t\t<div class=\"elementor-element elementor-element-7fm459q elementor-widget elementor-widget-text-editor\" data-id=\"7fm459q\" data-element_type=\"widget\" data-e-type=\"widget\" data-widget_type=\"text-editor.default\">\n\t\t\t\t<div class=\"elementor-widget-container\">\n\t\t\t\t\t\t\t\t\t<h4><strong>Medieninhaber &amp; Herausgeber<\/strong><\/h4><p>Freiwillige Feuerwehr Biedermannsdorf<br \/> Martin Wlaschitz-Platz 1<br \/> 2362 Biedermannsdorf<br \/> Email: webmaster@ffbiedermannsdorf.at<br \/> Tel: 02236\/71 322<br \/> Fax: 02236\/71 322-25<br \/> OVD Handy: 0677\/620 413 31<\/p><h4><strong>Konzept und Redaktion:<\/strong><\/h4><h4><strong>Sachgebiet \u00d6ffentlichkeitsarbeit und Dokumentation<\/strong><\/h4><p>EHBM Daniel Schaefer<\/p><h4><strong>Inhalt\/Links<\/strong><\/h4><p>Die auf den Internetseiten der Feuerwehr Biedermannsdorf wiedergegebenen Inhalte dienen, trotz eingehender Recherche und Aufarbeitung, lediglich zu Ihrer Information. F\u00fcr dennoch enthaltene Fehler kann keine wie immer geartete Haftung \u00fcbernommen werden. Weiters erkl\u00e4rt sich die Feuerwehr Biedermannsdorf als nicht verantwortlich f\u00fcr den Inhalt von Internetseiten, auf die mit einem Link verwiesen wird. Jede Nutzung bzw. Weiterverwendung von Inhalten (dies gilt insbesondere f\u00fcr Texte, Bilder, Grafiken und Programmcode) au\u00dferhalb der Internetseiten der Feuerwehr Biedermannsdorf und die Portierung auf andere Medien bedarf ausnahmslos der schriftlichen Genehmigung des Medieninhabers.<\/p><h4><strong>Google Analytics<\/strong><\/h4><p>Diese Website benutzt Google Analytics, einen Webanalysedienst der Google Inc. (\u201eGoogle\u201c). Google Analytics verwendet sog. \u201eCookies\u201c, Textdateien, die auf Ihrem Computer gespeichert werden und die eine Analyse der Benutzung der Website durch Sie erm\u00f6glichen. Die durch den Cookie erzeugten Informationen \u00fcber Ihre Benutzung dieser Website werden in der Regel an einen Server von Google in den USA \u00fcbertragen und dort gespeichert. Aufgrund der aktivierten IP-Anonymisierung auf dieser Webseite wird Ihre IP-Adresse von Google jedoch innerhalb von Mitgliedstaaten der Europ\u00e4ischen Union oder in anderen Vertragsstaaten des Abkommens \u00fcber den Europ\u00e4ischen Wirtschaftsraum zuvor gek\u00fcrzt. Nur in Ausnahmef\u00e4llen wird die volle IP-Adresse an einen Server von Google in den USA \u00fcbertragen und dort gek\u00fcrzt. Im Auftrag des Betreibers dieser Website wird Google diese Informationen benutzen, um Ihre Nutzung der Website auszuwerten, um Reports \u00fcber die Websiteaktivit\u00e4ten zusammenzustellen und um weitere mit der Websitenutzung und der Internetnutzung verbundene Dienstleistungen gegen\u00fcber dem Websitebetreiber zu erbringen. Die im Rahmen von Google Analytics von Ihrem Browser \u00fcbermittelte IP-Adresse wird nicht mit anderen Daten von Google zusammengef\u00fchrt. Sie k\u00f6nnen die Speicherung der Cookies durch eine entsprechende Einstellung Ihrer Browser-Software verhindern; wir weisen Sie jedoch darauf hin, dass Sie in diesem Fall gegebenenfalls nicht s\u00e4mtliche Funktionen dieser Website vollumf\u00e4nglich werden nutzen k\u00f6nnen. Sie k\u00f6nnen dar\u00fcber hinaus die Erfassung der durch das Cookie erzeugten und auf Ihre Nutzung der Website bezogenen Daten (inkl. Ihrer IP-Adresse) an Google sowie die Verarbeitung dieser Daten durch Google verhindern, indem sie das unter dem folgenden Link verf\u00fcgbare Browser-Plugin herunterladen und installieren.<a href=\"https:\/\/tools.google.com\/dlpage\/gaoptout?hl=de\" target=\"_blank\" rel=\"noopener\"> Link zu Google Browser-Plugin<\/a><\/p>\t\t\t\t\t\t\t\t<\/div>\n\t\t\t\t<\/div>\n\t\t\t\t\t<\/div>\n\t\t<\/div>\n\t\t\t\t\t<\/div>\n\t\t<\/section>\n\t\t\t\t<\/div>\n\t\t","protected":false},"excerpt":{"rendered":"<p> &#8230; <a title=\"Impressum\" class=\"read-more\" href=\"http:\/\/www.ffbiedermannsdorf.at\/cms\/impressum\/\" aria-label=\"Mehr Informationen \u00fcber Impressum\">Weiterlesen \u00bb <\/a><\/p>\n","protected":false},"author":1,"featured_media":0,"parent":0,"menu_order":0,"comment_status":"closed","ping_status":"closed","template":"","meta":{"generate_page_header":"","footnotes":""},"class_list":["post-60","page","type-page","status-publish"],"_links":{"self":[{"href":"http:\/\/www.ffbiedermannsdorf.at\/cms\/wp-json\/wp\/v2\/pages\/60","targetHints":{"allow":["GET"]}}],"collection":[{"href":"http:\/\/www.ffbiedermannsdorf.at\/cms\/wp-json\/wp\/v2\/pages"}],"about":[{"href":"http:\/\/www.ffbiedermannsdorf.at\/cms\/wp-json\/wp\/v2\/types\/page"}],"author":[{"embeddable":true,"href":"http:\/\/www.ffbiedermannsdorf.at\/cms\/wp-json\/wp\/v2\/users\/1"}],"replies":[{"embeddable":true,"href":"http:\/\/www.ffbiedermannsdorf.at\/cms\/wp-json\/wp\/v2\/comments?post=60"}],"version-history":[{"count":4,"href":"http:\/\/www.ffbiedermannsdorf.at\/cms\/wp-json\/wp\/v2\/pages\/60\/revisions"}],"predecessor-version":[{"id":12219,"href":"http:\/\/www.ffbiedermannsdorf.at\/cms\/wp-json\/wp\/v2\/pages\/60\/revisions\/12219"}],"wp:attachment":[{"href":"http:\/\/www.ffbiedermannsdorf.at\/cms\/wp-json\/wp\/v2\/media?parent=60"}],"curies":[{"name":"wp","href":"https:\/\/api.w.org\/{rel}","templated":true}]}}