{"id":16056,"date":"2021-01-20T12:38:19","date_gmt":"2021-01-20T11:38:19","guid":{"rendered":"http:\/\/www.ffbiedermannsdorf.at\/cms\/?page_id=16056"},"modified":"2021-01-20T12:40:46","modified_gmt":"2021-01-20T11:40:46","slug":"aktuelles","status":"publish","type":"page","link":"http:\/\/www.ffbiedermannsdorf.at\/cms\/aktuelles\/","title":{"rendered":"Aktuelles"},"content":{"rendered":"\t\t<div data-elementor-type=\"wp-page\" data-elementor-id=\"16056\" class=\"elementor elementor-16056\" data-elementor-post-type=\"page\">\n\t\t\t\t\t\t<section class=\"elementor-section elementor-top-section elementor-element elementor-element-9dee321 elementor-section-boxed elementor-section-height-default elementor-section-height-default\" data-id=\"9dee321\" data-element_type=\"section\" data-e-type=\"section\">\n\t\t\t\t\t\t<div class=\"elementor-container elementor-column-gap-default\">\n\t\t\t\t\t<div class=\"elementor-column elementor-col-100 elementor-top-column elementor-element elementor-element-a88ec16\" data-id=\"a88ec16\" data-element_type=\"column\" data-e-type=\"column\">\n\t\t\t<div class=\"elementor-widget-wrap elementor-element-populated\">\n\t\t\t\t\t\t<div class=\"elementor-element elementor-element-23a7e42 elementor-widget elementor-widget-heading\" data-id=\"23a7e42\" data-element_type=\"widget\" data-e-type=\"widget\" data-widget_type=\"heading.default\">\n\t\t\t\t<div class=\"elementor-widget-container\">\n\t\t\t\t\t<h2 class=\"elementor-heading-title elementor-size-default\">Aktuelles<\/h2>\t\t\t\t<\/div>\n\t\t\t\t<\/div>\n\t\t\t\t\t<\/div>\n\t\t<\/div>\n\t\t\t\t\t<\/div>\n\t\t<\/section>\n\t\t\t\t<section class=\"elementor-section elementor-top-section elementor-element elementor-element-c121d10 elementor-section-boxed elementor-section-height-default elementor-section-height-default\" data-id=\"c121d10\" data-element_type=\"section\" data-e-type=\"section\">\n\t\t\t\t\t\t<div class=\"elementor-container elementor-column-gap-default\">\n\t\t\t\t\t<div class=\"elementor-column elementor-col-100 elementor-top-column elementor-element elementor-element-6ac197e\" data-id=\"6ac197e\" data-element_type=\"column\" data-e-type=\"column\">\n\t\t\t<div class=\"elementor-widget-wrap elementor-element-populated\">\n\t\t\t\t\t\t<div class=\"elementor-element elementor-element-6d103b1 elementor-grid-3 elementor-grid-tablet-2 elementor-grid-mobile-1 elementor-posts--thumbnail-top elementor-widget elementor-widget-posts\" data-id=\"6d103b1\" data-element_type=\"widget\" data-e-type=\"widget\" data-settings=\"{&quot;pagination_type&quot;:&quot;numbers&quot;,&quot;classic_columns&quot;:&quot;3&quot;,&quot;classic_columns_tablet&quot;:&quot;2&quot;,&quot;classic_columns_mobile&quot;:&quot;1&quot;,&quot;classic_row_gap&quot;:{&quot;unit&quot;:&quot;px&quot;,&quot;size&quot;:35,&quot;sizes&quot;:[]},&quot;classic_row_gap_tablet&quot;:{&quot;unit&quot;:&quot;px&quot;,&quot;size&quot;:&quot;&quot;,&quot;sizes&quot;:[]},&quot;classic_row_gap_mobile&quot;:{&quot;unit&quot;:&quot;px&quot;,&quot;size&quot;:&quot;&quot;,&quot;sizes&quot;:[]}}\" data-widget_type=\"posts.classic\">\n\t\t\t\t<div class=\"elementor-widget-container\">\n\t\t\t\t\t\t\t<div class=\"elementor-posts-container elementor-posts elementor-posts--skin-classic elementor-grid\" role=\"list\">\n\t\t\t\t<article class=\"elementor-post elementor-grid-item post-42635 post type-post status-publish format-standard has-post-thumbnail hentry category-feuerwehrjugend generate-columns tablet-grid-50 mobile-grid-100 grid-parent grid-33\" role=\"listitem\">\n\t\t\t\t<a class=\"elementor-post__thumbnail__link\" href=\"http:\/\/www.ffbiedermannsdorf.at\/cms\/2026\/05\/01\/fj-raetselrallye\/\" tabindex=\"-1\" >\n\t\t\t<div class=\"elementor-post__thumbnail\"><img fetchpriority=\"high\" decoding=\"async\" width=\"600\" height=\"450\" src=\"http:\/\/www.ffbiedermannsdorf.at\/cms\/wp-content\/uploads\/2026\/05\/WhatsApp-Image-2026-05-01-at-17.53.31-1-600x450.jpeg\" class=\"attachment-medium size-medium wp-image-42637\" alt=\"\" srcset=\"http:\/\/www.ffbiedermannsdorf.at\/cms\/wp-content\/uploads\/2026\/05\/WhatsApp-Image-2026-05-01-at-17.53.31-1-600x450.jpeg 600w, http:\/\/www.ffbiedermannsdorf.at\/cms\/wp-content\/uploads\/2026\/05\/WhatsApp-Image-2026-05-01-at-17.53.31-1-768x576.jpeg 768w, http:\/\/www.ffbiedermannsdorf.at\/cms\/wp-content\/uploads\/2026\/05\/WhatsApp-Image-2026-05-01-at-17.53.31-1.jpeg 1024w\" sizes=\"(max-width: 600px) 100vw, 600px\" \/><\/div>\n\t\t<\/a>\n\t\t\t\t<div class=\"elementor-post__text\">\n\t\t\t\t<h3 class=\"elementor-post__title\">\n\t\t\t<a href=\"http:\/\/www.ffbiedermannsdorf.at\/cms\/2026\/05\/01\/fj-raetselrallye\/\" >\n\t\t\t\tFJ: R\u00e4tselrallye\t\t\t<\/a>\n\t\t<\/h3>\n\t\t\t\t<div class=\"elementor-post__meta-data\">\n\t\t\t\t\t<span class=\"elementor-post-date\">\n\t\t\t1. Mai 2026\t\t<\/span>\n\t\t\t\t<\/div>\n\t\t\n\t\t<a class=\"elementor-post__read-more\" href=\"http:\/\/www.ffbiedermannsdorf.at\/cms\/2026\/05\/01\/fj-raetselrallye\/\" aria-label=\"Mehr \u00fcber FJ: R\u00e4tselrallye\" tabindex=\"-1\" >\n\t\t\tWeiterlesen \u00bb\t\t<\/a>\n\n\t\t\t\t<\/div>\n\t\t\t\t<\/article>\n\t\t\t\t<article class=\"elementor-post elementor-grid-item post-42620 post type-post status-publish format-standard has-post-thumbnail hentry category-aktivitaeten generate-columns tablet-grid-50 mobile-grid-100 grid-parent grid-33\" role=\"listitem\">\n\t\t\t\t<a class=\"elementor-post__thumbnail__link\" href=\"http:\/\/www.ffbiedermannsdorf.at\/cms\/2026\/04\/30\/aufstellen-maibaum\/\" tabindex=\"-1\" >\n\t\t\t<div class=\"elementor-post__thumbnail\"><img decoding=\"async\" width=\"600\" height=\"450\" src=\"http:\/\/www.ffbiedermannsdorf.at\/cms\/wp-content\/uploads\/2026\/05\/P1010165-600x450.jpg\" class=\"attachment-medium size-medium wp-image-42629\" alt=\"\" srcset=\"http:\/\/www.ffbiedermannsdorf.at\/cms\/wp-content\/uploads\/2026\/05\/P1010165-600x450.jpg 600w, http:\/\/www.ffbiedermannsdorf.at\/cms\/wp-content\/uploads\/2026\/05\/P1010165-768x576.jpg 768w, http:\/\/www.ffbiedermannsdorf.at\/cms\/wp-content\/uploads\/2026\/05\/P1010165.jpg 1024w\" sizes=\"(max-width: 600px) 100vw, 600px\" \/><\/div>\n\t\t<\/a>\n\t\t\t\t<div class=\"elementor-post__text\">\n\t\t\t\t<h3 class=\"elementor-post__title\">\n\t\t\t<a href=\"http:\/\/www.ffbiedermannsdorf.at\/cms\/2026\/04\/30\/aufstellen-maibaum\/\" >\n\t\t\t\tAufstellen Maibaum\t\t\t<\/a>\n\t\t<\/h3>\n\t\t\t\t<div class=\"elementor-post__meta-data\">\n\t\t\t\t\t<span class=\"elementor-post-date\">\n\t\t\t30. April 2026\t\t<\/span>\n\t\t\t\t<\/div>\n\t\t\n\t\t<a class=\"elementor-post__read-more\" href=\"http:\/\/www.ffbiedermannsdorf.at\/cms\/2026\/04\/30\/aufstellen-maibaum\/\" aria-label=\"Mehr \u00fcber Aufstellen Maibaum\" tabindex=\"-1\" >\n\t\t\tWeiterlesen \u00bb\t\t<\/a>\n\n\t\t\t\t<\/div>\n\t\t\t\t<\/article>\n\t\t\t\t<article class=\"elementor-post elementor-grid-item post-42612 post type-post status-publish format-standard has-post-thumbnail hentry category-brandeinsatz generate-columns tablet-grid-50 mobile-grid-100 grid-parent grid-33\" role=\"listitem\">\n\t\t\t\t<a class=\"elementor-post__thumbnail__link\" href=\"http:\/\/www.ffbiedermannsdorf.at\/cms\/2026\/04\/29\/fehlalarm-52\/\" tabindex=\"-1\" >\n\t\t\t<div class=\"elementor-post__thumbnail\"><img decoding=\"async\" width=\"600\" height=\"450\" src=\"http:\/\/www.ffbiedermannsdorf.at\/cms\/wp-content\/uploads\/2026\/04\/P1010091-1-600x450.jpg\" class=\"attachment-medium size-medium wp-image-42613\" alt=\"\" srcset=\"http:\/\/www.ffbiedermannsdorf.at\/cms\/wp-content\/uploads\/2026\/04\/P1010091-1-600x450.jpg 600w, http:\/\/www.ffbiedermannsdorf.at\/cms\/wp-content\/uploads\/2026\/04\/P1010091-1-768x576.jpg 768w, http:\/\/www.ffbiedermannsdorf.at\/cms\/wp-content\/uploads\/2026\/04\/P1010091-1.jpg 1024w\" sizes=\"(max-width: 600px) 100vw, 600px\" \/><\/div>\n\t\t<\/a>\n\t\t\t\t<div class=\"elementor-post__text\">\n\t\t\t\t<h3 class=\"elementor-post__title\">\n\t\t\t<a href=\"http:\/\/www.ffbiedermannsdorf.at\/cms\/2026\/04\/29\/fehlalarm-52\/\" >\n\t\t\t\tFehlalarm\t\t\t<\/a>\n\t\t<\/h3>\n\t\t\t\t<div class=\"elementor-post__meta-data\">\n\t\t\t\t\t<span class=\"elementor-post-date\">\n\t\t\t29. April 2026\t\t<\/span>\n\t\t\t\t<\/div>\n\t\t\n\t\t<a class=\"elementor-post__read-more\" href=\"http:\/\/www.ffbiedermannsdorf.at\/cms\/2026\/04\/29\/fehlalarm-52\/\" aria-label=\"Mehr \u00fcber Fehlalarm\" tabindex=\"-1\" >\n\t\t\tWeiterlesen \u00bb\t\t<\/a>\n\n\t\t\t\t<\/div>\n\t\t\t\t<\/article>\n\t\t\t\t<article class=\"elementor-post elementor-grid-item post-42578 post type-post status-publish format-standard has-post-thumbnail hentry category-aktivitaeten generate-columns tablet-grid-50 mobile-grid-100 grid-parent grid-33\" role=\"listitem\">\n\t\t\t\t<a class=\"elementor-post__thumbnail__link\" href=\"http:\/\/www.ffbiedermannsdorf.at\/cms\/2026\/04\/28\/volksschule-zu-besuch-2\/\" tabindex=\"-1\" >\n\t\t\t<div class=\"elementor-post__thumbnail\"><img loading=\"lazy\" decoding=\"async\" width=\"600\" height=\"450\" src=\"http:\/\/www.ffbiedermannsdorf.at\/cms\/wp-content\/uploads\/2026\/04\/P1010087-2-600x450.jpg\" class=\"attachment-medium size-medium wp-image-42598\" alt=\"\" srcset=\"http:\/\/www.ffbiedermannsdorf.at\/cms\/wp-content\/uploads\/2026\/04\/P1010087-2-600x450.jpg 600w, http:\/\/www.ffbiedermannsdorf.at\/cms\/wp-content\/uploads\/2026\/04\/P1010087-2-768x576.jpg 768w, http:\/\/www.ffbiedermannsdorf.at\/cms\/wp-content\/uploads\/2026\/04\/P1010087-2.jpg 1024w\" sizes=\"(max-width: 600px) 100vw, 600px\" \/><\/div>\n\t\t<\/a>\n\t\t\t\t<div class=\"elementor-post__text\">\n\t\t\t\t<h3 class=\"elementor-post__title\">\n\t\t\t<a href=\"http:\/\/www.ffbiedermannsdorf.at\/cms\/2026\/04\/28\/volksschule-zu-besuch-2\/\" >\n\t\t\t\tVolksschule zu Besuch\t\t\t<\/a>\n\t\t<\/h3>\n\t\t\t\t<div class=\"elementor-post__meta-data\">\n\t\t\t\t\t<span class=\"elementor-post-date\">\n\t\t\t28. April 2026\t\t<\/span>\n\t\t\t\t<\/div>\n\t\t\n\t\t<a class=\"elementor-post__read-more\" href=\"http:\/\/www.ffbiedermannsdorf.at\/cms\/2026\/04\/28\/volksschule-zu-besuch-2\/\" aria-label=\"Mehr \u00fcber Volksschule zu Besuch\" tabindex=\"-1\" >\n\t\t\tWeiterlesen \u00bb\t\t<\/a>\n\n\t\t\t\t<\/div>\n\t\t\t\t<\/article>\n\t\t\t\t<article class=\"elementor-post elementor-grid-item post-42546 post type-post status-publish format-standard has-post-thumbnail hentry category-technischer-einsatz generate-columns tablet-grid-50 mobile-grid-100 grid-parent grid-33\" role=\"listitem\">\n\t\t\t\t<a class=\"elementor-post__thumbnail__link\" href=\"http:\/\/www.ffbiedermannsdorf.at\/cms\/2026\/04\/26\/sturmschaden-35\/\" tabindex=\"-1\" >\n\t\t\t<div class=\"elementor-post__thumbnail\"><img loading=\"lazy\" decoding=\"async\" width=\"600\" height=\"450\" src=\"http:\/\/www.ffbiedermannsdorf.at\/cms\/wp-content\/uploads\/2026\/04\/P1010072-600x450.jpg\" class=\"attachment-medium size-medium wp-image-42547\" alt=\"\" srcset=\"http:\/\/www.ffbiedermannsdorf.at\/cms\/wp-content\/uploads\/2026\/04\/P1010072-600x450.jpg 600w, http:\/\/www.ffbiedermannsdorf.at\/cms\/wp-content\/uploads\/2026\/04\/P1010072-768x576.jpg 768w, http:\/\/www.ffbiedermannsdorf.at\/cms\/wp-content\/uploads\/2026\/04\/P1010072.jpg 1024w\" sizes=\"(max-width: 600px) 100vw, 600px\" \/><\/div>\n\t\t<\/a>\n\t\t\t\t<div class=\"elementor-post__text\">\n\t\t\t\t<h3 class=\"elementor-post__title\">\n\t\t\t<a href=\"http:\/\/www.ffbiedermannsdorf.at\/cms\/2026\/04\/26\/sturmschaden-35\/\" >\n\t\t\t\tSturmschaden\t\t\t<\/a>\n\t\t<\/h3>\n\t\t\t\t<div class=\"elementor-post__meta-data\">\n\t\t\t\t\t<span class=\"elementor-post-date\">\n\t\t\t26. April 2026\t\t<\/span>\n\t\t\t\t<\/div>\n\t\t\n\t\t<a class=\"elementor-post__read-more\" href=\"http:\/\/www.ffbiedermannsdorf.at\/cms\/2026\/04\/26\/sturmschaden-35\/\" aria-label=\"Mehr \u00fcber Sturmschaden\" tabindex=\"-1\" >\n\t\t\tWeiterlesen \u00bb\t\t<\/a>\n\n\t\t\t\t<\/div>\n\t\t\t\t<\/article>\n\t\t\t\t<article class=\"elementor-post elementor-grid-item post-42535 post type-post status-publish format-standard has-post-thumbnail hentry category-technischer-einsatz generate-columns tablet-grid-50 mobile-grid-100 grid-parent grid-33\" role=\"listitem\">\n\t\t\t\t<a class=\"elementor-post__thumbnail__link\" href=\"http:\/\/www.ffbiedermannsdorf.at\/cms\/2026\/04\/25\/wassergebrechen-7\/\" tabindex=\"-1\" >\n\t\t\t<div class=\"elementor-post__thumbnail\"><img loading=\"lazy\" decoding=\"async\" width=\"600\" height=\"450\" src=\"http:\/\/www.ffbiedermannsdorf.at\/cms\/wp-content\/uploads\/2026\/04\/P1010049-1-600x450.jpg\" class=\"attachment-medium size-medium wp-image-42537\" alt=\"\" srcset=\"http:\/\/www.ffbiedermannsdorf.at\/cms\/wp-content\/uploads\/2026\/04\/P1010049-1-600x450.jpg 600w, http:\/\/www.ffbiedermannsdorf.at\/cms\/wp-content\/uploads\/2026\/04\/P1010049-1-768x576.jpg 768w, http:\/\/www.ffbiedermannsdorf.at\/cms\/wp-content\/uploads\/2026\/04\/P1010049-1.jpg 1024w\" sizes=\"(max-width: 600px) 100vw, 600px\" \/><\/div>\n\t\t<\/a>\n\t\t\t\t<div class=\"elementor-post__text\">\n\t\t\t\t<h3 class=\"elementor-post__title\">\n\t\t\t<a href=\"http:\/\/www.ffbiedermannsdorf.at\/cms\/2026\/04\/25\/wassergebrechen-7\/\" >\n\t\t\t\tWassergebrechen\t\t\t<\/a>\n\t\t<\/h3>\n\t\t\t\t<div class=\"elementor-post__meta-data\">\n\t\t\t\t\t<span class=\"elementor-post-date\">\n\t\t\t25. April 2026\t\t<\/span>\n\t\t\t\t<\/div>\n\t\t\n\t\t<a class=\"elementor-post__read-more\" href=\"http:\/\/www.ffbiedermannsdorf.at\/cms\/2026\/04\/25\/wassergebrechen-7\/\" aria-label=\"Mehr \u00fcber Wassergebrechen\" tabindex=\"-1\" >\n\t\t\tWeiterlesen \u00bb\t\t<\/a>\n\n\t\t\t\t<\/div>\n\t\t\t\t<\/article>\n\t\t\t\t<article class=\"elementor-post elementor-grid-item post-42561 post type-post status-publish format-standard has-post-thumbnail hentry category-aktivmannschaft generate-columns tablet-grid-50 mobile-grid-100 grid-parent grid-33\" role=\"listitem\">\n\t\t\t\t<a class=\"elementor-post__thumbnail__link\" href=\"http:\/\/www.ffbiedermannsdorf.at\/cms\/2026\/04\/25\/2x-neue-atemschutztraegerinnen\/\" tabindex=\"-1\" >\n\t\t\t<div class=\"elementor-post__thumbnail\"><img loading=\"lazy\" decoding=\"async\" width=\"600\" height=\"448\" src=\"http:\/\/www.ffbiedermannsdorf.at\/cms\/wp-content\/uploads\/2026\/04\/ATS2-600x448.jpg\" class=\"attachment-medium size-medium wp-image-42562\" alt=\"\" srcset=\"http:\/\/www.ffbiedermannsdorf.at\/cms\/wp-content\/uploads\/2026\/04\/ATS2-600x448.jpg 600w, http:\/\/www.ffbiedermannsdorf.at\/cms\/wp-content\/uploads\/2026\/04\/ATS2-768x574.jpg 768w, http:\/\/www.ffbiedermannsdorf.at\/cms\/wp-content\/uploads\/2026\/04\/ATS2.jpg 1024w\" sizes=\"(max-width: 600px) 100vw, 600px\" \/><\/div>\n\t\t<\/a>\n\t\t\t\t<div class=\"elementor-post__text\">\n\t\t\t\t<h3 class=\"elementor-post__title\">\n\t\t\t<a href=\"http:\/\/www.ffbiedermannsdorf.at\/cms\/2026\/04\/25\/2x-neue-atemschutztraegerinnen\/\" >\n\t\t\t\t2x neue Atemschutztr\u00e4gerinnen\t\t\t<\/a>\n\t\t<\/h3>\n\t\t\t\t<div class=\"elementor-post__meta-data\">\n\t\t\t\t\t<span class=\"elementor-post-date\">\n\t\t\t25. April 2026\t\t<\/span>\n\t\t\t\t<\/div>\n\t\t\n\t\t<a class=\"elementor-post__read-more\" href=\"http:\/\/www.ffbiedermannsdorf.at\/cms\/2026\/04\/25\/2x-neue-atemschutztraegerinnen\/\" aria-label=\"Mehr \u00fcber 2x neue Atemschutztr\u00e4gerinnen\" tabindex=\"-1\" >\n\t\t\tWeiterlesen \u00bb\t\t<\/a>\n\n\t\t\t\t<\/div>\n\t\t\t\t<\/article>\n\t\t\t\t<article class=\"elementor-post elementor-grid-item post-42528 post type-post status-publish format-standard has-post-thumbnail hentry category-aktivmannschaft generate-columns tablet-grid-50 mobile-grid-100 grid-parent grid-33\" role=\"listitem\">\n\t\t\t\t<a class=\"elementor-post__thumbnail__link\" href=\"http:\/\/www.ffbiedermannsdorf.at\/cms\/2026\/04\/25\/taeuschungsalarm-40\/\" tabindex=\"-1\" >\n\t\t\t<div class=\"elementor-post__thumbnail\"><img loading=\"lazy\" decoding=\"async\" width=\"600\" height=\"450\" src=\"http:\/\/www.ffbiedermannsdorf.at\/cms\/wp-content\/uploads\/2026\/04\/P1010038-600x450.jpg\" class=\"attachment-medium size-medium wp-image-42530\" alt=\"\" srcset=\"http:\/\/www.ffbiedermannsdorf.at\/cms\/wp-content\/uploads\/2026\/04\/P1010038-600x450.jpg 600w, http:\/\/www.ffbiedermannsdorf.at\/cms\/wp-content\/uploads\/2026\/04\/P1010038-768x576.jpg 768w, http:\/\/www.ffbiedermannsdorf.at\/cms\/wp-content\/uploads\/2026\/04\/P1010038.jpg 1024w\" sizes=\"(max-width: 600px) 100vw, 600px\" \/><\/div>\n\t\t<\/a>\n\t\t\t\t<div class=\"elementor-post__text\">\n\t\t\t\t<h3 class=\"elementor-post__title\">\n\t\t\t<a href=\"http:\/\/www.ffbiedermannsdorf.at\/cms\/2026\/04\/25\/taeuschungsalarm-40\/\" >\n\t\t\t\tT\u00e4uschungsalarm\t\t\t<\/a>\n\t\t<\/h3>\n\t\t\t\t<div class=\"elementor-post__meta-data\">\n\t\t\t\t\t<span class=\"elementor-post-date\">\n\t\t\t25. April 2026\t\t<\/span>\n\t\t\t\t<\/div>\n\t\t\n\t\t<a class=\"elementor-post__read-more\" href=\"http:\/\/www.ffbiedermannsdorf.at\/cms\/2026\/04\/25\/taeuschungsalarm-40\/\" aria-label=\"Mehr \u00fcber T\u00e4uschungsalarm\" tabindex=\"-1\" >\n\t\t\tWeiterlesen \u00bb\t\t<\/a>\n\n\t\t\t\t<\/div>\n\t\t\t\t<\/article>\n\t\t\t\t<article class=\"elementor-post elementor-grid-item post-42513 post type-post status-publish format-standard has-post-thumbnail hentry category-technischer-einsatz generate-columns tablet-grid-50 mobile-grid-100 grid-parent grid-33\" role=\"listitem\">\n\t\t\t\t<a class=\"elementor-post__thumbnail__link\" href=\"http:\/\/www.ffbiedermannsdorf.at\/cms\/2026\/04\/24\/tueroeffnung-28\/\" tabindex=\"-1\" >\n\t\t\t<div class=\"elementor-post__thumbnail\"><img loading=\"lazy\" decoding=\"async\" width=\"600\" height=\"450\" src=\"http:\/\/www.ffbiedermannsdorf.at\/cms\/wp-content\/uploads\/2026\/04\/P1010033-1-600x450.jpg\" class=\"attachment-medium size-medium wp-image-42516\" alt=\"\" srcset=\"http:\/\/www.ffbiedermannsdorf.at\/cms\/wp-content\/uploads\/2026\/04\/P1010033-1-600x450.jpg 600w, http:\/\/www.ffbiedermannsdorf.at\/cms\/wp-content\/uploads\/2026\/04\/P1010033-1-768x576.jpg 768w, http:\/\/www.ffbiedermannsdorf.at\/cms\/wp-content\/uploads\/2026\/04\/P1010033-1.jpg 1024w\" sizes=\"(max-width: 600px) 100vw, 600px\" \/><\/div>\n\t\t<\/a>\n\t\t\t\t<div class=\"elementor-post__text\">\n\t\t\t\t<h3 class=\"elementor-post__title\">\n\t\t\t<a href=\"http:\/\/www.ffbiedermannsdorf.at\/cms\/2026\/04\/24\/tueroeffnung-28\/\" >\n\t\t\t\tT\u00fcr\u00f6ffnung\t\t\t<\/a>\n\t\t<\/h3>\n\t\t\t\t<div class=\"elementor-post__meta-data\">\n\t\t\t\t\t<span class=\"elementor-post-date\">\n\t\t\t24. April 2026\t\t<\/span>\n\t\t\t\t<\/div>\n\t\t\n\t\t<a class=\"elementor-post__read-more\" href=\"http:\/\/www.ffbiedermannsdorf.at\/cms\/2026\/04\/24\/tueroeffnung-28\/\" aria-label=\"Mehr \u00fcber T\u00fcr\u00f6ffnung\" tabindex=\"-1\" >\n\t\t\tWeiterlesen \u00bb\t\t<\/a>\n\n\t\t\t\t<\/div>\n\t\t\t\t<\/article>\n\t\t\t\t<article class=\"elementor-post elementor-grid-item post-42521 post type-post status-publish format-standard has-post-thumbnail hentry category-kinderfeuerwehr generate-columns tablet-grid-50 mobile-grid-100 grid-parent grid-33\" role=\"listitem\">\n\t\t\t\t<a class=\"elementor-post__thumbnail__link\" href=\"http:\/\/www.ffbiedermannsdorf.at\/cms\/2026\/04\/23\/kinderfeuerwehr-absicherung-verkehrsflaeche\/\" tabindex=\"-1\" >\n\t\t\t<div class=\"elementor-post__thumbnail\"><img loading=\"lazy\" decoding=\"async\" width=\"600\" height=\"450\" src=\"http:\/\/www.ffbiedermannsdorf.at\/cms\/wp-content\/uploads\/2026\/04\/WhatsApp-Image-2026-04-24-at-08.46.43-600x450.jpeg\" class=\"attachment-medium size-medium wp-image-42523\" alt=\"\" srcset=\"http:\/\/www.ffbiedermannsdorf.at\/cms\/wp-content\/uploads\/2026\/04\/WhatsApp-Image-2026-04-24-at-08.46.43-600x450.jpeg 600w, http:\/\/www.ffbiedermannsdorf.at\/cms\/wp-content\/uploads\/2026\/04\/WhatsApp-Image-2026-04-24-at-08.46.43-768x576.jpeg 768w, http:\/\/www.ffbiedermannsdorf.at\/cms\/wp-content\/uploads\/2026\/04\/WhatsApp-Image-2026-04-24-at-08.46.43.jpeg 1024w\" sizes=\"(max-width: 600px) 100vw, 600px\" \/><\/div>\n\t\t<\/a>\n\t\t\t\t<div class=\"elementor-post__text\">\n\t\t\t\t<h3 class=\"elementor-post__title\">\n\t\t\t<a href=\"http:\/\/www.ffbiedermannsdorf.at\/cms\/2026\/04\/23\/kinderfeuerwehr-absicherung-verkehrsflaeche\/\" >\n\t\t\t\tKinderfeuerwehr: Absicherung Verkehrsfl\u00e4che\t\t\t<\/a>\n\t\t<\/h3>\n\t\t\t\t<div class=\"elementor-post__meta-data\">\n\t\t\t\t\t<span class=\"elementor-post-date\">\n\t\t\t23. April 2026\t\t<\/span>\n\t\t\t\t<\/div>\n\t\t\n\t\t<a class=\"elementor-post__read-more\" href=\"http:\/\/www.ffbiedermannsdorf.at\/cms\/2026\/04\/23\/kinderfeuerwehr-absicherung-verkehrsflaeche\/\" aria-label=\"Mehr \u00fcber Kinderfeuerwehr: Absicherung Verkehrsfl\u00e4che\" tabindex=\"-1\" >\n\t\t\tWeiterlesen \u00bb\t\t<\/a>\n\n\t\t\t\t<\/div>\n\t\t\t\t<\/article>\n\t\t\t\t<article class=\"elementor-post elementor-grid-item post-42481 post type-post status-publish format-standard has-post-thumbnail hentry category-aktivmannschaft generate-columns tablet-grid-50 mobile-grid-100 grid-parent grid-33\" role=\"listitem\">\n\t\t\t\t<a class=\"elementor-post__thumbnail__link\" href=\"http:\/\/www.ffbiedermannsdorf.at\/cms\/2026\/04\/21\/gruppe-1-arbeiten-unter-schutzstufe-2\/\" tabindex=\"-1\" >\n\t\t\t<div class=\"elementor-post__thumbnail\"><img loading=\"lazy\" decoding=\"async\" width=\"600\" height=\"450\" src=\"http:\/\/www.ffbiedermannsdorf.at\/cms\/wp-content\/uploads\/2026\/04\/20260421_184915835_iOS-600x450.jpg\" class=\"attachment-medium size-medium wp-image-42491\" alt=\"\" srcset=\"http:\/\/www.ffbiedermannsdorf.at\/cms\/wp-content\/uploads\/2026\/04\/20260421_184915835_iOS-600x450.jpg 600w, http:\/\/www.ffbiedermannsdorf.at\/cms\/wp-content\/uploads\/2026\/04\/20260421_184915835_iOS-768x576.jpg 768w, http:\/\/www.ffbiedermannsdorf.at\/cms\/wp-content\/uploads\/2026\/04\/20260421_184915835_iOS.jpg 1024w\" sizes=\"(max-width: 600px) 100vw, 600px\" \/><\/div>\n\t\t<\/a>\n\t\t\t\t<div class=\"elementor-post__text\">\n\t\t\t\t<h3 class=\"elementor-post__title\">\n\t\t\t<a href=\"http:\/\/www.ffbiedermannsdorf.at\/cms\/2026\/04\/21\/gruppe-1-arbeiten-unter-schutzstufe-2\/\" >\n\t\t\t\tGruppe 1: Arbeiten unter Schutzstufe 2\t\t\t<\/a>\n\t\t<\/h3>\n\t\t\t\t<div class=\"elementor-post__meta-data\">\n\t\t\t\t\t<span class=\"elementor-post-date\">\n\t\t\t21. April 2026\t\t<\/span>\n\t\t\t\t<\/div>\n\t\t\n\t\t<a class=\"elementor-post__read-more\" href=\"http:\/\/www.ffbiedermannsdorf.at\/cms\/2026\/04\/21\/gruppe-1-arbeiten-unter-schutzstufe-2\/\" aria-label=\"Mehr \u00fcber Gruppe 1: Arbeiten unter Schutzstufe 2\" tabindex=\"-1\" >\n\t\t\tWeiterlesen \u00bb\t\t<\/a>\n\n\t\t\t\t<\/div>\n\t\t\t\t<\/article>\n\t\t\t\t<article class=\"elementor-post elementor-grid-item post-42505 post type-post status-publish format-standard has-post-thumbnail hentry category-feuerwehrjugend generate-columns tablet-grid-50 mobile-grid-100 grid-parent grid-33\" role=\"listitem\">\n\t\t\t\t<a class=\"elementor-post__thumbnail__link\" href=\"http:\/\/www.ffbiedermannsdorf.at\/cms\/2026\/04\/20\/fj-bewerbstraining-12\/\" tabindex=\"-1\" >\n\t\t\t<div class=\"elementor-post__thumbnail\"><img loading=\"lazy\" decoding=\"async\" width=\"600\" height=\"450\" src=\"http:\/\/www.ffbiedermannsdorf.at\/cms\/wp-content\/uploads\/2026\/04\/WhatsApp-Image-2026-04-20-at-20.30.53-600x450.jpeg\" class=\"attachment-medium size-medium wp-image-42508\" alt=\"\" srcset=\"http:\/\/www.ffbiedermannsdorf.at\/cms\/wp-content\/uploads\/2026\/04\/WhatsApp-Image-2026-04-20-at-20.30.53-600x450.jpeg 600w, http:\/\/www.ffbiedermannsdorf.at\/cms\/wp-content\/uploads\/2026\/04\/WhatsApp-Image-2026-04-20-at-20.30.53-768x576.jpeg 768w, http:\/\/www.ffbiedermannsdorf.at\/cms\/wp-content\/uploads\/2026\/04\/WhatsApp-Image-2026-04-20-at-20.30.53.jpeg 1024w\" sizes=\"(max-width: 600px) 100vw, 600px\" \/><\/div>\n\t\t<\/a>\n\t\t\t\t<div class=\"elementor-post__text\">\n\t\t\t\t<h3 class=\"elementor-post__title\">\n\t\t\t<a href=\"http:\/\/www.ffbiedermannsdorf.at\/cms\/2026\/04\/20\/fj-bewerbstraining-12\/\" >\n\t\t\t\tFJ: Bewerbstraining\t\t\t<\/a>\n\t\t<\/h3>\n\t\t\t\t<div class=\"elementor-post__meta-data\">\n\t\t\t\t\t<span class=\"elementor-post-date\">\n\t\t\t20. April 2026\t\t<\/span>\n\t\t\t\t<\/div>\n\t\t\n\t\t<a class=\"elementor-post__read-more\" href=\"http:\/\/www.ffbiedermannsdorf.at\/cms\/2026\/04\/20\/fj-bewerbstraining-12\/\" aria-label=\"Mehr \u00fcber FJ: Bewerbstraining\" tabindex=\"-1\" >\n\t\t\tWeiterlesen \u00bb\t\t<\/a>\n\n\t\t\t\t<\/div>\n\t\t\t\t<\/article>\n\t\t\t\t<\/div>\n\t\t\n\t\t\t\t<div class=\"e-load-more-anchor\" data-page=\"1\" data-max-page=\"173\" data-next-page=\"http:\/\/www.ffbiedermannsdorf.at\/cms\/wp-json\/wp\/v2\/pages\/16056\/page\/2\/\"><\/div>\n\t\t\t\t<nav class=\"elementor-pagination\" aria-label=\"Seitennummerierung\">\n\t\t\t<span aria-current=\"page\" class=\"page-numbers current\"><span class=\"elementor-screen-only\">Seite<\/span>1<\/span>\n<a class=\"page-numbers\" href=\"http:\/\/www.ffbiedermannsdorf.at\/cms\/wp-json\/wp\/v2\/pages\/16056\/page\/2\/\"><span class=\"elementor-screen-only\">Seite<\/span>2<\/a>\n<a class=\"page-numbers\" href=\"http:\/\/www.ffbiedermannsdorf.at\/cms\/wp-json\/wp\/v2\/pages\/16056\/page\/3\/\"><span class=\"elementor-screen-only\">Seite<\/span>3<\/a>\n<a class=\"page-numbers\" href=\"http:\/\/www.ffbiedermannsdorf.at\/cms\/wp-json\/wp\/v2\/pages\/16056\/page\/4\/\"><span class=\"elementor-screen-only\">Seite<\/span>4<\/a>\n<a class=\"page-numbers\" href=\"http:\/\/www.ffbiedermannsdorf.at\/cms\/wp-json\/wp\/v2\/pages\/16056\/page\/5\/\"><span class=\"elementor-screen-only\">Seite<\/span>5<\/a>\t\t<\/nav>\n\t\t\t\t\t\t<\/div>\n\t\t\t\t<\/div>\n\t\t\t\t\t<\/div>\n\t\t<\/div>\n\t\t\t\t\t<\/div>\n\t\t<\/section>\n\t\t\t\t<\/div>\n\t\t","protected":false},"excerpt":{"rendered":"<p>Aktuelles<\/p>\n","protected":false},"author":3,"featured_media":0,"parent":0,"menu_order":0,"comment_status":"closed","ping_status":"closed","template":"","meta":{"generate_page_header":"","footnotes":""},"class_list":["post-16056","page","type-page","status-publish","hentry","generate-columns","tablet-grid-50","mobile-grid-100","grid-parent","grid-33"],"_links":{"self":[{"href":"http:\/\/www.ffbiedermannsdorf.at\/cms\/wp-json\/wp\/v2\/pages\/16056","targetHints":{"allow":["GET"]}}],"collection":[{"href":"http:\/\/www.ffbiedermannsdorf.at\/cms\/wp-json\/wp\/v2\/pages"}],"about":[{"href":"http:\/\/www.ffbiedermannsdorf.at\/cms\/wp-json\/wp\/v2\/types\/page"}],"author":[{"embeddable":true,"href":"http:\/\/www.ffbiedermannsdorf.at\/cms\/wp-json\/wp\/v2\/users\/3"}],"replies":[{"embeddable":true,"href":"http:\/\/www.ffbiedermannsdorf.at\/cms\/wp-json\/wp\/v2\/comments?post=16056"}],"version-history":[{"count":7,"href":"http:\/\/www.ffbiedermannsdorf.at\/cms\/wp-json\/wp\/v2\/pages\/16056\/revisions"}],"predecessor-version":[{"id":16069,"href":"http:\/\/www.ffbiedermannsdorf.at\/cms\/wp-json\/wp\/v2\/pages\/16056\/revisions\/16069"}],"wp:attachment":[{"href":"http:\/\/www.ffbiedermannsdorf.at\/cms\/wp-json\/wp\/v2\/media?parent=16056"}],"curies":[{"name":"wp","href":"https:\/\/api.w.org\/{rel}","templated":true}]}}