{"id":16035,"date":"2021-01-20T12:05:42","date_gmt":"2021-01-20T11:05:42","guid":{"rendered":"http:\/\/www.ffbiedermannsdorf.at\/cms\/?page_id=16035"},"modified":"2021-01-20T12:15:42","modified_gmt":"2021-01-20T11:15:42","slug":"videos","status":"publish","type":"page","link":"http:\/\/www.ffbiedermannsdorf.at\/cms\/videos\/","title":{"rendered":"Videos"},"content":{"rendered":"\t\t<div data-elementor-type=\"wp-page\" data-elementor-id=\"16035\" class=\"elementor elementor-16035\" data-elementor-post-type=\"page\">\n\t\t\t\t\t\t<section class=\"elementor-section elementor-top-section elementor-element elementor-element-1416db0 elementor-section-boxed elementor-section-height-default elementor-section-height-default\" data-id=\"1416db0\" data-element_type=\"section\" data-e-type=\"section\">\n\t\t\t\t\t\t<div class=\"elementor-container elementor-column-gap-default\">\n\t\t\t\t\t<div class=\"elementor-column elementor-col-100 elementor-top-column elementor-element elementor-element-8bd27c6\" data-id=\"8bd27c6\" data-element_type=\"column\" data-e-type=\"column\">\n\t\t\t<div class=\"elementor-widget-wrap elementor-element-populated\">\n\t\t\t\t\t\t<div class=\"elementor-element elementor-element-7d861dc elementor-widget elementor-widget-heading\" data-id=\"7d861dc\" data-element_type=\"widget\" data-e-type=\"widget\" data-widget_type=\"heading.default\">\n\t\t\t\t<div class=\"elementor-widget-container\">\n\t\t\t\t\t<h2 class=\"elementor-heading-title elementor-size-default\">Videos<\/h2>\t\t\t\t<\/div>\n\t\t\t\t<\/div>\n\t\t\t\t\t<\/div>\n\t\t<\/div>\n\t\t\t\t\t<\/div>\n\t\t<\/section>\n\t\t\t\t<section class=\"elementor-section elementor-top-section elementor-element elementor-element-677819e elementor-section-boxed elementor-section-height-default elementor-section-height-default\" data-id=\"677819e\" data-element_type=\"section\" data-e-type=\"section\">\n\t\t\t\t\t\t<div class=\"elementor-container elementor-column-gap-default\">\n\t\t\t\t\t<div class=\"elementor-column elementor-col-100 elementor-top-column elementor-element elementor-element-ebaa00d\" data-id=\"ebaa00d\" data-element_type=\"column\" data-e-type=\"column\">\n\t\t\t<div class=\"elementor-widget-wrap elementor-element-populated\">\n\t\t\t\t\t\t<div class=\"elementor-element elementor-element-b63e725 elementor-grid-3 elementor-grid-tablet-2 elementor-grid-mobile-1 elementor-posts--thumbnail-top elementor-widget elementor-widget-posts\" data-id=\"b63e725\" data-element_type=\"widget\" data-e-type=\"widget\" data-settings=\"{&quot;pagination_type&quot;:&quot;numbers&quot;,&quot;classic_columns&quot;:&quot;3&quot;,&quot;classic_columns_tablet&quot;:&quot;2&quot;,&quot;classic_columns_mobile&quot;:&quot;1&quot;,&quot;classic_row_gap&quot;:{&quot;unit&quot;:&quot;px&quot;,&quot;size&quot;:35,&quot;sizes&quot;:[]},&quot;classic_row_gap_tablet&quot;:{&quot;unit&quot;:&quot;px&quot;,&quot;size&quot;:&quot;&quot;,&quot;sizes&quot;:[]},&quot;classic_row_gap_mobile&quot;:{&quot;unit&quot;:&quot;px&quot;,&quot;size&quot;:&quot;&quot;,&quot;sizes&quot;:[]}}\" data-widget_type=\"posts.classic\">\n\t\t\t\t<div class=\"elementor-widget-container\">\n\t\t\t\t\t\t\t<div class=\"elementor-posts-container elementor-posts elementor-posts--skin-classic elementor-grid\" role=\"list\">\n\t\t\t\t<article class=\"elementor-post elementor-grid-item post-41459 post type-post status-publish format-standard has-post-thumbnail hentry category-videos generate-columns tablet-grid-50 mobile-grid-100 grid-parent grid-33\" role=\"listitem\">\n\t\t\t\t<a class=\"elementor-post__thumbnail__link\" href=\"http:\/\/www.ffbiedermannsdorf.at\/cms\/2026\/01\/19\/video-jahresrueckblick-2025\/\" tabindex=\"-1\" >\n\t\t\t<div class=\"elementor-post__thumbnail\"><img fetchpriority=\"high\" decoding=\"async\" width=\"600\" height=\"450\" src=\"http:\/\/www.ffbiedermannsdorf.at\/cms\/wp-content\/uploads\/2025\/11\/PB010067-600x450.jpg\" class=\"attachment-medium size-medium wp-image-40663\" alt=\"\" srcset=\"http:\/\/www.ffbiedermannsdorf.at\/cms\/wp-content\/uploads\/2025\/11\/PB010067-600x450.jpg 600w, http:\/\/www.ffbiedermannsdorf.at\/cms\/wp-content\/uploads\/2025\/11\/PB010067-768x576.jpg 768w, http:\/\/www.ffbiedermannsdorf.at\/cms\/wp-content\/uploads\/2025\/11\/PB010067.jpg 1024w\" sizes=\"(max-width: 600px) 100vw, 600px\" \/><\/div>\n\t\t<\/a>\n\t\t\t\t<div class=\"elementor-post__text\">\n\t\t\t\t<h3 class=\"elementor-post__title\">\n\t\t\t<a href=\"http:\/\/www.ffbiedermannsdorf.at\/cms\/2026\/01\/19\/video-jahresrueckblick-2025\/\" >\n\t\t\t\t+VIDEO+ Jahresr\u00fcckblick 2025\t\t\t<\/a>\n\t\t<\/h3>\n\t\t\t\t<div class=\"elementor-post__meta-data\">\n\t\t\t\t\t<span class=\"elementor-post-date\">\n\t\t\t19. Januar 2026\t\t<\/span>\n\t\t\t\t<\/div>\n\t\t\n\t\t<a class=\"elementor-post__read-more\" href=\"http:\/\/www.ffbiedermannsdorf.at\/cms\/2026\/01\/19\/video-jahresrueckblick-2025\/\" aria-label=\"Mehr \u00fcber +VIDEO+ Jahresr\u00fcckblick 2025\" tabindex=\"-1\" >\n\t\t\tWeiterlesen \u00bb\t\t<\/a>\n\n\t\t\t\t<\/div>\n\t\t\t\t<\/article>\n\t\t\t\t<article class=\"elementor-post elementor-grid-item post-41173 post type-post status-publish format-standard has-post-thumbnail hentry category-videos generate-columns tablet-grid-50 mobile-grid-100 grid-parent grid-33\" role=\"listitem\">\n\t\t\t\t<a class=\"elementor-post__thumbnail__link\" href=\"http:\/\/www.ffbiedermannsdorf.at\/cms\/2025\/12\/16\/video-lkw-bergung-mit-2x-seilwinde\/\" tabindex=\"-1\" >\n\t\t\t<div class=\"elementor-post__thumbnail\"><img decoding=\"async\" width=\"600\" height=\"450\" src=\"http:\/\/www.ffbiedermannsdorf.at\/cms\/wp-content\/uploads\/2025\/12\/PC150042-1-600x450.jpg\" class=\"attachment-medium size-medium wp-image-41161\" alt=\"\" srcset=\"http:\/\/www.ffbiedermannsdorf.at\/cms\/wp-content\/uploads\/2025\/12\/PC150042-1-600x450.jpg 600w, http:\/\/www.ffbiedermannsdorf.at\/cms\/wp-content\/uploads\/2025\/12\/PC150042-1-768x576.jpg 768w, http:\/\/www.ffbiedermannsdorf.at\/cms\/wp-content\/uploads\/2025\/12\/PC150042-1.jpg 1024w\" sizes=\"(max-width: 600px) 100vw, 600px\" \/><\/div>\n\t\t<\/a>\n\t\t\t\t<div class=\"elementor-post__text\">\n\t\t\t\t<h3 class=\"elementor-post__title\">\n\t\t\t<a href=\"http:\/\/www.ffbiedermannsdorf.at\/cms\/2025\/12\/16\/video-lkw-bergung-mit-2x-seilwinde\/\" >\n\t\t\t\t+VIDEO+ LKW Bergung mit 2x Seilwinde\t\t\t<\/a>\n\t\t<\/h3>\n\t\t\t\t<div class=\"elementor-post__meta-data\">\n\t\t\t\t\t<span class=\"elementor-post-date\">\n\t\t\t16. Dezember 2025\t\t<\/span>\n\t\t\t\t<\/div>\n\t\t\n\t\t<a class=\"elementor-post__read-more\" href=\"http:\/\/www.ffbiedermannsdorf.at\/cms\/2025\/12\/16\/video-lkw-bergung-mit-2x-seilwinde\/\" aria-label=\"Mehr \u00fcber +VIDEO+ LKW Bergung mit 2x Seilwinde\" tabindex=\"-1\" >\n\t\t\tWeiterlesen \u00bb\t\t<\/a>\n\n\t\t\t\t<\/div>\n\t\t\t\t<\/article>\n\t\t\t\t<article class=\"elementor-post elementor-grid-item post-39295 post type-post status-publish format-standard has-post-thumbnail hentry category-videos generate-columns tablet-grid-50 mobile-grid-100 grid-parent grid-33\" role=\"listitem\">\n\t\t\t\t<a class=\"elementor-post__thumbnail__link\" href=\"http:\/\/www.ffbiedermannsdorf.at\/cms\/2025\/07\/03\/video-b3-wohnhausbrand\/\" tabindex=\"-1\" >\n\t\t\t<div class=\"elementor-post__thumbnail\"><img decoding=\"async\" width=\"600\" height=\"450\" src=\"http:\/\/www.ffbiedermannsdorf.at\/cms\/wp-content\/uploads\/2025\/07\/P7020019_02-600x450.jpg\" class=\"attachment-medium size-medium wp-image-39223\" alt=\"\" srcset=\"http:\/\/www.ffbiedermannsdorf.at\/cms\/wp-content\/uploads\/2025\/07\/P7020019_02-600x450.jpg 600w, http:\/\/www.ffbiedermannsdorf.at\/cms\/wp-content\/uploads\/2025\/07\/P7020019_02-768x576.jpg 768w, http:\/\/www.ffbiedermannsdorf.at\/cms\/wp-content\/uploads\/2025\/07\/P7020019_02.jpg 1024w\" sizes=\"(max-width: 600px) 100vw, 600px\" \/><\/div>\n\t\t<\/a>\n\t\t\t\t<div class=\"elementor-post__text\">\n\t\t\t\t<h3 class=\"elementor-post__title\">\n\t\t\t<a href=\"http:\/\/www.ffbiedermannsdorf.at\/cms\/2025\/07\/03\/video-b3-wohnhausbrand\/\" >\n\t\t\t\t+VIDEO+ B3 Wohnhausbrand\t\t\t<\/a>\n\t\t<\/h3>\n\t\t\t\t<div class=\"elementor-post__meta-data\">\n\t\t\t\t\t<span class=\"elementor-post-date\">\n\t\t\t3. Juli 2025\t\t<\/span>\n\t\t\t\t<\/div>\n\t\t\n\t\t<a class=\"elementor-post__read-more\" href=\"http:\/\/www.ffbiedermannsdorf.at\/cms\/2025\/07\/03\/video-b3-wohnhausbrand\/\" aria-label=\"Mehr \u00fcber +VIDEO+ B3 Wohnhausbrand\" tabindex=\"-1\" >\n\t\t\tWeiterlesen \u00bb\t\t<\/a>\n\n\t\t\t\t<\/div>\n\t\t\t\t<\/article>\n\t\t\t\t<article class=\"elementor-post elementor-grid-item post-38615 post type-post status-publish format-standard has-post-thumbnail hentry category-videos generate-columns tablet-grid-50 mobile-grid-100 grid-parent grid-33\" role=\"listitem\">\n\t\t\t\t<a class=\"elementor-post__thumbnail__link\" href=\"http:\/\/www.ffbiedermannsdorf.at\/cms\/2025\/05\/21\/video-einsatzuebung-vegetationsbrand\/\" tabindex=\"-1\" >\n\t\t\t<div class=\"elementor-post__thumbnail\"><img loading=\"lazy\" decoding=\"async\" width=\"600\" height=\"450\" src=\"http:\/\/www.ffbiedermannsdorf.at\/cms\/wp-content\/uploads\/2025\/05\/12-600x450.jpg\" class=\"attachment-medium size-medium wp-image-38600\" alt=\"\" srcset=\"http:\/\/www.ffbiedermannsdorf.at\/cms\/wp-content\/uploads\/2025\/05\/12-600x450.jpg 600w, http:\/\/www.ffbiedermannsdorf.at\/cms\/wp-content\/uploads\/2025\/05\/12-768x576.jpg 768w, http:\/\/www.ffbiedermannsdorf.at\/cms\/wp-content\/uploads\/2025\/05\/12.jpg 1024w\" sizes=\"(max-width: 600px) 100vw, 600px\" \/><\/div>\n\t\t<\/a>\n\t\t\t\t<div class=\"elementor-post__text\">\n\t\t\t\t<h3 class=\"elementor-post__title\">\n\t\t\t<a href=\"http:\/\/www.ffbiedermannsdorf.at\/cms\/2025\/05\/21\/video-einsatzuebung-vegetationsbrand\/\" >\n\t\t\t\t+VIDEO+ Einsatz\u00fcbung Vegetationsbrand\t\t\t<\/a>\n\t\t<\/h3>\n\t\t\t\t<div class=\"elementor-post__meta-data\">\n\t\t\t\t\t<span class=\"elementor-post-date\">\n\t\t\t21. Mai 2025\t\t<\/span>\n\t\t\t\t<\/div>\n\t\t\n\t\t<a class=\"elementor-post__read-more\" href=\"http:\/\/www.ffbiedermannsdorf.at\/cms\/2025\/05\/21\/video-einsatzuebung-vegetationsbrand\/\" aria-label=\"Mehr \u00fcber +VIDEO+ Einsatz\u00fcbung Vegetationsbrand\" tabindex=\"-1\" >\n\t\t\tWeiterlesen \u00bb\t\t<\/a>\n\n\t\t\t\t<\/div>\n\t\t\t\t<\/article>\n\t\t\t\t<article class=\"elementor-post elementor-grid-item post-38329 post type-post status-publish format-standard has-post-thumbnail hentry category-videos generate-columns tablet-grid-50 mobile-grid-100 grid-parent grid-33\" role=\"listitem\">\n\t\t\t\t<a class=\"elementor-post__thumbnail__link\" href=\"http:\/\/www.ffbiedermannsdorf.at\/cms\/2025\/04\/30\/video-brandalarm-beim-maibaumaufstellen\/\" tabindex=\"-1\" >\n\t\t\t<div class=\"elementor-post__thumbnail\"><img loading=\"lazy\" decoding=\"async\" width=\"600\" height=\"450\" src=\"http:\/\/www.ffbiedermannsdorf.at\/cms\/wp-content\/uploads\/2025\/05\/P4300022-600x450.jpg\" class=\"attachment-medium size-medium wp-image-38330\" alt=\"\" srcset=\"http:\/\/www.ffbiedermannsdorf.at\/cms\/wp-content\/uploads\/2025\/05\/P4300022-600x450.jpg 600w, http:\/\/www.ffbiedermannsdorf.at\/cms\/wp-content\/uploads\/2025\/05\/P4300022-768x576.jpg 768w, http:\/\/www.ffbiedermannsdorf.at\/cms\/wp-content\/uploads\/2025\/05\/P4300022.jpg 1024w\" sizes=\"(max-width: 600px) 100vw, 600px\" \/><\/div>\n\t\t<\/a>\n\t\t\t\t<div class=\"elementor-post__text\">\n\t\t\t\t<h3 class=\"elementor-post__title\">\n\t\t\t<a href=\"http:\/\/www.ffbiedermannsdorf.at\/cms\/2025\/04\/30\/video-brandalarm-beim-maibaumaufstellen\/\" >\n\t\t\t\t+VIDEO+ Brandalarm beim Maibaumaufstellen\t\t\t<\/a>\n\t\t<\/h3>\n\t\t\t\t<div class=\"elementor-post__meta-data\">\n\t\t\t\t\t<span class=\"elementor-post-date\">\n\t\t\t30. April 2025\t\t<\/span>\n\t\t\t\t<\/div>\n\t\t\n\t\t<a class=\"elementor-post__read-more\" href=\"http:\/\/www.ffbiedermannsdorf.at\/cms\/2025\/04\/30\/video-brandalarm-beim-maibaumaufstellen\/\" aria-label=\"Mehr \u00fcber +VIDEO+ Brandalarm beim Maibaumaufstellen\" tabindex=\"-1\" >\n\t\t\tWeiterlesen \u00bb\t\t<\/a>\n\n\t\t\t\t<\/div>\n\t\t\t\t<\/article>\n\t\t\t\t<article class=\"elementor-post elementor-grid-item post-38035 post type-post status-publish format-standard has-post-thumbnail hentry category-videos generate-columns tablet-grid-50 mobile-grid-100 grid-parent grid-33\" role=\"listitem\">\n\t\t\t\t<a class=\"elementor-post__thumbnail__link\" href=\"http:\/\/www.ffbiedermannsdorf.at\/cms\/2025\/04\/01\/video-tankpulling\/\" tabindex=\"-1\" >\n\t\t\t<div class=\"elementor-post__thumbnail\"><img loading=\"lazy\" decoding=\"async\" width=\"600\" height=\"450\" src=\"http:\/\/www.ffbiedermannsdorf.at\/cms\/wp-content\/uploads\/2025\/04\/P4010167-600x450.jpg\" class=\"attachment-medium size-medium wp-image-38000\" alt=\"\" srcset=\"http:\/\/www.ffbiedermannsdorf.at\/cms\/wp-content\/uploads\/2025\/04\/P4010167-600x450.jpg 600w, http:\/\/www.ffbiedermannsdorf.at\/cms\/wp-content\/uploads\/2025\/04\/P4010167-768x576.jpg 768w, http:\/\/www.ffbiedermannsdorf.at\/cms\/wp-content\/uploads\/2025\/04\/P4010167.jpg 1024w\" sizes=\"(max-width: 600px) 100vw, 600px\" \/><\/div>\n\t\t<\/a>\n\t\t\t\t<div class=\"elementor-post__text\">\n\t\t\t\t<h3 class=\"elementor-post__title\">\n\t\t\t<a href=\"http:\/\/www.ffbiedermannsdorf.at\/cms\/2025\/04\/01\/video-tankpulling\/\" >\n\t\t\t\t+VIDEO+ &#8222;Tank&#8220;Pulling\t\t\t<\/a>\n\t\t<\/h3>\n\t\t\t\t<div class=\"elementor-post__meta-data\">\n\t\t\t\t\t<span class=\"elementor-post-date\">\n\t\t\t1. April 2025\t\t<\/span>\n\t\t\t\t<\/div>\n\t\t\n\t\t<a class=\"elementor-post__read-more\" href=\"http:\/\/www.ffbiedermannsdorf.at\/cms\/2025\/04\/01\/video-tankpulling\/\" aria-label=\"Mehr \u00fcber +VIDEO+ &#8222;Tank&#8220;Pulling\" tabindex=\"-1\" >\n\t\t\tWeiterlesen \u00bb\t\t<\/a>\n\n\t\t\t\t<\/div>\n\t\t\t\t<\/article>\n\t\t\t\t<article class=\"elementor-post elementor-grid-item post-37357 post type-post status-publish format-standard has-post-thumbnail hentry category-videos generate-columns tablet-grid-50 mobile-grid-100 grid-parent grid-33\" role=\"listitem\">\n\t\t\t\t<a class=\"elementor-post__thumbnail__link\" href=\"http:\/\/www.ffbiedermannsdorf.at\/cms\/2025\/01\/22\/video-pkw-brand\/\" tabindex=\"-1\" >\n\t\t\t<div class=\"elementor-post__thumbnail\"><img loading=\"lazy\" decoding=\"async\" width=\"600\" height=\"450\" src=\"http:\/\/www.ffbiedermannsdorf.at\/cms\/wp-content\/uploads\/2025\/01\/P1220010-600x450.jpg\" class=\"attachment-medium size-medium wp-image-37358\" alt=\"\" srcset=\"http:\/\/www.ffbiedermannsdorf.at\/cms\/wp-content\/uploads\/2025\/01\/P1220010-600x450.jpg 600w, http:\/\/www.ffbiedermannsdorf.at\/cms\/wp-content\/uploads\/2025\/01\/P1220010-768x576.jpg 768w, http:\/\/www.ffbiedermannsdorf.at\/cms\/wp-content\/uploads\/2025\/01\/P1220010.jpg 1024w\" sizes=\"(max-width: 600px) 100vw, 600px\" \/><\/div>\n\t\t<\/a>\n\t\t\t\t<div class=\"elementor-post__text\">\n\t\t\t\t<h3 class=\"elementor-post__title\">\n\t\t\t<a href=\"http:\/\/www.ffbiedermannsdorf.at\/cms\/2025\/01\/22\/video-pkw-brand\/\" >\n\t\t\t\t+VIDEO+ PKW Brand\t\t\t<\/a>\n\t\t<\/h3>\n\t\t\t\t<div class=\"elementor-post__meta-data\">\n\t\t\t\t\t<span class=\"elementor-post-date\">\n\t\t\t22. Januar 2025\t\t<\/span>\n\t\t\t\t<\/div>\n\t\t\n\t\t<a class=\"elementor-post__read-more\" href=\"http:\/\/www.ffbiedermannsdorf.at\/cms\/2025\/01\/22\/video-pkw-brand\/\" aria-label=\"Mehr \u00fcber +VIDEO+ PKW Brand\" tabindex=\"-1\" >\n\t\t\tWeiterlesen \u00bb\t\t<\/a>\n\n\t\t\t\t<\/div>\n\t\t\t\t<\/article>\n\t\t\t\t<article class=\"elementor-post elementor-grid-item post-37314 post type-post status-publish format-standard has-post-thumbnail hentry category-videos generate-columns tablet-grid-50 mobile-grid-100 grid-parent grid-33\" role=\"listitem\">\n\t\t\t\t<a class=\"elementor-post__thumbnail__link\" href=\"http:\/\/www.ffbiedermannsdorf.at\/cms\/2025\/01\/18\/video-jahresrueckblick-2024\/\" tabindex=\"-1\" >\n\t\t\t<div class=\"elementor-post__thumbnail\"><img loading=\"lazy\" decoding=\"async\" width=\"600\" height=\"450\" src=\"http:\/\/www.ffbiedermannsdorf.at\/cms\/wp-content\/uploads\/2024\/12\/PC200005-600x450.jpg\" class=\"attachment-medium size-medium wp-image-37061\" alt=\"\" srcset=\"http:\/\/www.ffbiedermannsdorf.at\/cms\/wp-content\/uploads\/2024\/12\/PC200005-600x450.jpg 600w, http:\/\/www.ffbiedermannsdorf.at\/cms\/wp-content\/uploads\/2024\/12\/PC200005-768x576.jpg 768w, http:\/\/www.ffbiedermannsdorf.at\/cms\/wp-content\/uploads\/2024\/12\/PC200005.jpg 1024w\" sizes=\"(max-width: 600px) 100vw, 600px\" \/><\/div>\n\t\t<\/a>\n\t\t\t\t<div class=\"elementor-post__text\">\n\t\t\t\t<h3 class=\"elementor-post__title\">\n\t\t\t<a href=\"http:\/\/www.ffbiedermannsdorf.at\/cms\/2025\/01\/18\/video-jahresrueckblick-2024\/\" >\n\t\t\t\t+VIDEO+ Jahresr\u00fcckblick 2024\t\t\t<\/a>\n\t\t<\/h3>\n\t\t\t\t<div class=\"elementor-post__meta-data\">\n\t\t\t\t\t<span class=\"elementor-post-date\">\n\t\t\t18. Januar 2025\t\t<\/span>\n\t\t\t\t<\/div>\n\t\t\n\t\t<a class=\"elementor-post__read-more\" href=\"http:\/\/www.ffbiedermannsdorf.at\/cms\/2025\/01\/18\/video-jahresrueckblick-2024\/\" aria-label=\"Mehr \u00fcber +VIDEO+ Jahresr\u00fcckblick 2024\" tabindex=\"-1\" >\n\t\t\tWeiterlesen \u00bb\t\t<\/a>\n\n\t\t\t\t<\/div>\n\t\t\t\t<\/article>\n\t\t\t\t<article class=\"elementor-post elementor-grid-item post-36889 post type-post status-publish format-standard has-post-thumbnail hentry category-videos generate-columns tablet-grid-50 mobile-grid-100 grid-parent grid-33\" role=\"listitem\">\n\t\t\t\t<a class=\"elementor-post__thumbnail__link\" href=\"http:\/\/www.ffbiedermannsdorf.at\/cms\/2024\/12\/06\/video-hochwasser-2024\/\" tabindex=\"-1\" >\n\t\t\t<div class=\"elementor-post__thumbnail\"><img loading=\"lazy\" decoding=\"async\" width=\"600\" height=\"450\" src=\"http:\/\/www.ffbiedermannsdorf.at\/cms\/wp-content\/uploads\/2024\/09\/WhatsApp-Image-2024-09-16-at-11.54.15-3-600x450.jpeg\" class=\"attachment-medium size-medium wp-image-36039\" alt=\"\" srcset=\"http:\/\/www.ffbiedermannsdorf.at\/cms\/wp-content\/uploads\/2024\/09\/WhatsApp-Image-2024-09-16-at-11.54.15-3-600x450.jpeg 600w, http:\/\/www.ffbiedermannsdorf.at\/cms\/wp-content\/uploads\/2024\/09\/WhatsApp-Image-2024-09-16-at-11.54.15-3-768x576.jpeg 768w, http:\/\/www.ffbiedermannsdorf.at\/cms\/wp-content\/uploads\/2024\/09\/WhatsApp-Image-2024-09-16-at-11.54.15-3.jpeg 1024w\" sizes=\"(max-width: 600px) 100vw, 600px\" \/><\/div>\n\t\t<\/a>\n\t\t\t\t<div class=\"elementor-post__text\">\n\t\t\t\t<h3 class=\"elementor-post__title\">\n\t\t\t<a href=\"http:\/\/www.ffbiedermannsdorf.at\/cms\/2024\/12\/06\/video-hochwasser-2024\/\" >\n\t\t\t\t+VIDEO+ Hochwasser 2024\t\t\t<\/a>\n\t\t<\/h3>\n\t\t\t\t<div class=\"elementor-post__meta-data\">\n\t\t\t\t\t<span class=\"elementor-post-date\">\n\t\t\t6. Dezember 2024\t\t<\/span>\n\t\t\t\t<\/div>\n\t\t\n\t\t<a class=\"elementor-post__read-more\" href=\"http:\/\/www.ffbiedermannsdorf.at\/cms\/2024\/12\/06\/video-hochwasser-2024\/\" aria-label=\"Mehr \u00fcber +VIDEO+ Hochwasser 2024\" tabindex=\"-1\" >\n\t\t\tWeiterlesen \u00bb\t\t<\/a>\n\n\t\t\t\t<\/div>\n\t\t\t\t<\/article>\n\t\t\t\t<article class=\"elementor-post elementor-grid-item post-36894 post type-post status-publish format-standard has-post-thumbnail hentry category-videos generate-columns tablet-grid-50 mobile-grid-100 grid-parent grid-33\" role=\"listitem\">\n\t\t\t\t<a class=\"elementor-post__thumbnail__link\" href=\"http:\/\/www.ffbiedermannsdorf.at\/cms\/2024\/12\/06\/video-iz-noe-sued-b4\/\" tabindex=\"-1\" >\n\t\t\t<div class=\"elementor-post__thumbnail\"><img loading=\"lazy\" decoding=\"async\" width=\"600\" height=\"450\" src=\"http:\/\/www.ffbiedermannsdorf.at\/cms\/wp-content\/uploads\/2024\/12\/DJI_0646-BFK-Moedling-600x450.jpg\" class=\"attachment-medium size-medium wp-image-36895\" alt=\"\" srcset=\"http:\/\/www.ffbiedermannsdorf.at\/cms\/wp-content\/uploads\/2024\/12\/DJI_0646-BFK-Moedling-600x450.jpg 600w, http:\/\/www.ffbiedermannsdorf.at\/cms\/wp-content\/uploads\/2024\/12\/DJI_0646-BFK-Moedling-768x576.jpg 768w, http:\/\/www.ffbiedermannsdorf.at\/cms\/wp-content\/uploads\/2024\/12\/DJI_0646-BFK-Moedling.jpg 1024w\" sizes=\"(max-width: 600px) 100vw, 600px\" \/><\/div>\n\t\t<\/a>\n\t\t\t\t<div class=\"elementor-post__text\">\n\t\t\t\t<h3 class=\"elementor-post__title\">\n\t\t\t<a href=\"http:\/\/www.ffbiedermannsdorf.at\/cms\/2024\/12\/06\/video-iz-noe-sued-b4\/\" >\n\t\t\t\t+VIDEO+ Gro\u00dfbrand (B4) IZ N\u00d6 S\u00fcd\t\t\t<\/a>\n\t\t<\/h3>\n\t\t\t\t<div class=\"elementor-post__meta-data\">\n\t\t\t\t\t<span class=\"elementor-post-date\">\n\t\t\t6. Dezember 2024\t\t<\/span>\n\t\t\t\t<\/div>\n\t\t\n\t\t<a class=\"elementor-post__read-more\" href=\"http:\/\/www.ffbiedermannsdorf.at\/cms\/2024\/12\/06\/video-iz-noe-sued-b4\/\" aria-label=\"Mehr \u00fcber +VIDEO+ Gro\u00dfbrand (B4) IZ N\u00d6 S\u00fcd\" tabindex=\"-1\" >\n\t\t\tWeiterlesen \u00bb\t\t<\/a>\n\n\t\t\t\t<\/div>\n\t\t\t\t<\/article>\n\t\t\t\t<article class=\"elementor-post elementor-grid-item post-34929 post type-post status-publish format-standard has-post-thumbnail hentry category-videos generate-columns tablet-grid-50 mobile-grid-100 grid-parent grid-33\" role=\"listitem\">\n\t\t\t\t<a class=\"elementor-post__thumbnail__link\" href=\"http:\/\/www.ffbiedermannsdorf.at\/cms\/2024\/07\/22\/video-fuhrpark-2024\/\" tabindex=\"-1\" >\n\t\t\t<div class=\"elementor-post__thumbnail\"><img loading=\"lazy\" decoding=\"async\" width=\"600\" height=\"450\" src=\"http:\/\/www.ffbiedermannsdorf.at\/cms\/wp-content\/uploads\/2024\/08\/FF_Fuhrpark2024-600x450.jpg\" class=\"attachment-medium size-medium wp-image-35075\" alt=\"\" srcset=\"http:\/\/www.ffbiedermannsdorf.at\/cms\/wp-content\/uploads\/2024\/08\/FF_Fuhrpark2024-600x450.jpg 600w, http:\/\/www.ffbiedermannsdorf.at\/cms\/wp-content\/uploads\/2024\/08\/FF_Fuhrpark2024-768x576.jpg 768w, http:\/\/www.ffbiedermannsdorf.at\/cms\/wp-content\/uploads\/2024\/08\/FF_Fuhrpark2024.jpg 1024w\" sizes=\"(max-width: 600px) 100vw, 600px\" \/><\/div>\n\t\t<\/a>\n\t\t\t\t<div class=\"elementor-post__text\">\n\t\t\t\t<h3 class=\"elementor-post__title\">\n\t\t\t<a href=\"http:\/\/www.ffbiedermannsdorf.at\/cms\/2024\/07\/22\/video-fuhrpark-2024\/\" >\n\t\t\t\t+VIDEO+ Fuhrpark 2024\t\t\t<\/a>\n\t\t<\/h3>\n\t\t\t\t<div class=\"elementor-post__meta-data\">\n\t\t\t\t\t<span class=\"elementor-post-date\">\n\t\t\t22. Juli 2024\t\t<\/span>\n\t\t\t\t<\/div>\n\t\t\n\t\t<a class=\"elementor-post__read-more\" href=\"http:\/\/www.ffbiedermannsdorf.at\/cms\/2024\/07\/22\/video-fuhrpark-2024\/\" aria-label=\"Mehr \u00fcber +VIDEO+ Fuhrpark 2024\" tabindex=\"-1\" >\n\t\t\tWeiterlesen \u00bb\t\t<\/a>\n\n\t\t\t\t<\/div>\n\t\t\t\t<\/article>\n\t\t\t\t<article class=\"elementor-post elementor-grid-item post-34333 post type-post status-publish format-standard has-post-thumbnail hentry category-videos generate-columns tablet-grid-50 mobile-grid-100 grid-parent grid-33\" role=\"listitem\">\n\t\t\t\t<a class=\"elementor-post__thumbnail__link\" href=\"http:\/\/www.ffbiedermannsdorf.at\/cms\/2024\/06\/04\/video-innenangriff-im-heisscontainer\/\" tabindex=\"-1\" >\n\t\t\t<div class=\"elementor-post__thumbnail\"><img loading=\"lazy\" decoding=\"async\" width=\"600\" height=\"450\" src=\"http:\/\/www.ffbiedermannsdorf.at\/cms\/wp-content\/uploads\/2024\/06\/P6040079-600x450.jpg\" class=\"attachment-medium size-medium wp-image-34321\" alt=\"\" srcset=\"http:\/\/www.ffbiedermannsdorf.at\/cms\/wp-content\/uploads\/2024\/06\/P6040079-600x450.jpg 600w, http:\/\/www.ffbiedermannsdorf.at\/cms\/wp-content\/uploads\/2024\/06\/P6040079-768x576.jpg 768w, http:\/\/www.ffbiedermannsdorf.at\/cms\/wp-content\/uploads\/2024\/06\/P6040079.jpg 1024w\" sizes=\"(max-width: 600px) 100vw, 600px\" \/><\/div>\n\t\t<\/a>\n\t\t\t\t<div class=\"elementor-post__text\">\n\t\t\t\t<h3 class=\"elementor-post__title\">\n\t\t\t<a href=\"http:\/\/www.ffbiedermannsdorf.at\/cms\/2024\/06\/04\/video-innenangriff-im-heisscontainer\/\" >\n\t\t\t\t+VIDEO+ Innenangriff im Hei\u00dfcontainer\t\t\t<\/a>\n\t\t<\/h3>\n\t\t\t\t<div class=\"elementor-post__meta-data\">\n\t\t\t\t\t<span class=\"elementor-post-date\">\n\t\t\t4. Juni 2024\t\t<\/span>\n\t\t\t\t<\/div>\n\t\t\n\t\t<a class=\"elementor-post__read-more\" href=\"http:\/\/www.ffbiedermannsdorf.at\/cms\/2024\/06\/04\/video-innenangriff-im-heisscontainer\/\" aria-label=\"Mehr \u00fcber +VIDEO+ Innenangriff im Hei\u00dfcontainer\" tabindex=\"-1\" >\n\t\t\tWeiterlesen \u00bb\t\t<\/a>\n\n\t\t\t\t<\/div>\n\t\t\t\t<\/article>\n\t\t\t\t<\/div>\n\t\t\n\t\t\t\t<div class=\"e-load-more-anchor\" data-page=\"1\" data-max-page=\"6\" data-next-page=\"http:\/\/www.ffbiedermannsdorf.at\/cms\/wp-json\/wp\/v2\/pages\/16035\/page\/2\/\"><\/div>\n\t\t\t\t<nav class=\"elementor-pagination\" aria-label=\"Seitennummerierung\">\n\t\t\t<span aria-current=\"page\" class=\"page-numbers current\"><span class=\"elementor-screen-only\">Seite<\/span>1<\/span>\n<a class=\"page-numbers\" href=\"http:\/\/www.ffbiedermannsdorf.at\/cms\/wp-json\/wp\/v2\/pages\/16035\/page\/2\/\"><span class=\"elementor-screen-only\">Seite<\/span>2<\/a>\n<a class=\"page-numbers\" href=\"http:\/\/www.ffbiedermannsdorf.at\/cms\/wp-json\/wp\/v2\/pages\/16035\/page\/3\/\"><span class=\"elementor-screen-only\">Seite<\/span>3<\/a>\n<a class=\"page-numbers\" href=\"http:\/\/www.ffbiedermannsdorf.at\/cms\/wp-json\/wp\/v2\/pages\/16035\/page\/4\/\"><span class=\"elementor-screen-only\">Seite<\/span>4<\/a>\n<a class=\"page-numbers\" href=\"http:\/\/www.ffbiedermannsdorf.at\/cms\/wp-json\/wp\/v2\/pages\/16035\/page\/5\/\"><span class=\"elementor-screen-only\">Seite<\/span>5<\/a>\t\t<\/nav>\n\t\t\t\t\t\t<\/div>\n\t\t\t\t<\/div>\n\t\t\t\t\t<\/div>\n\t\t<\/div>\n\t\t\t\t\t<\/div>\n\t\t<\/section>\n\t\t\t\t<\/div>\n\t\t","protected":false},"excerpt":{"rendered":"<p>Videos<\/p>\n","protected":false},"author":3,"featured_media":0,"parent":0,"menu_order":0,"comment_status":"closed","ping_status":"closed","template":"","meta":{"generate_page_header":"","footnotes":""},"class_list":["post-16035","page","type-page","status-publish","hentry","generate-columns","tablet-grid-50","mobile-grid-100","grid-parent","grid-33"],"_links":{"self":[{"href":"http:\/\/www.ffbiedermannsdorf.at\/cms\/wp-json\/wp\/v2\/pages\/16035","targetHints":{"allow":["GET"]}}],"collection":[{"href":"http:\/\/www.ffbiedermannsdorf.at\/cms\/wp-json\/wp\/v2\/pages"}],"about":[{"href":"http:\/\/www.ffbiedermannsdorf.at\/cms\/wp-json\/wp\/v2\/types\/page"}],"author":[{"embeddable":true,"href":"http:\/\/www.ffbiedermannsdorf.at\/cms\/wp-json\/wp\/v2\/users\/3"}],"replies":[{"embeddable":true,"href":"http:\/\/www.ffbiedermannsdorf.at\/cms\/wp-json\/wp\/v2\/comments?post=16035"}],"version-history":[{"count":13,"href":"http:\/\/www.ffbiedermannsdorf.at\/cms\/wp-json\/wp\/v2\/pages\/16035\/revisions"}],"predecessor-version":[{"id":16049,"href":"http:\/\/www.ffbiedermannsdorf.at\/cms\/wp-json\/wp\/v2\/pages\/16035\/revisions\/16049"}],"wp:attachment":[{"href":"http:\/\/www.ffbiedermannsdorf.at\/cms\/wp-json\/wp\/v2\/media?parent=16035"}],"curies":[{"name":"wp","href":"https:\/\/api.w.org\/{rel}","templated":true}]}}