{"id":1562,"date":"2017-05-12T22:27:36","date_gmt":"2017-05-12T20:27:36","guid":{"rendered":"http:\/\/www.ffbiedermannsdorf.at\/cms\/?page_id=1562"},"modified":"2017-10-27T09:58:09","modified_gmt":"2017-10-27T07:58:09","slug":"biedermannsdorf","status":"publish","type":"page","link":"http:\/\/www.ffbiedermannsdorf.at\/cms\/biedermannsdorf\/","title":{"rendered":"Biedermannsdorf"},"content":{"rendered":"\t\t<div data-elementor-type=\"wp-post\" data-elementor-id=\"1562\" class=\"elementor elementor-1562 elementor-bc-flex-widget\" data-elementor-post-type=\"page\">\n\t\t\t\t\t\t<section class=\"elementor-section elementor-top-section elementor-element elementor-element-65lbzm2 elementor-section-boxed elementor-section-height-default elementor-section-height-default\" data-id=\"65lbzm2\" data-element_type=\"section\" data-e-type=\"section\">\n\t\t\t\t\t\t<div class=\"elementor-container elementor-column-gap-default\">\n\t\t\t\t\t<div class=\"elementor-column elementor-col-100 elementor-top-column elementor-element elementor-element-hlzf00z\" data-id=\"hlzf00z\" data-element_type=\"column\" data-e-type=\"column\">\n\t\t\t<div class=\"elementor-widget-wrap elementor-element-populated\">\n\t\t\t\t\t\t<div class=\"elementor-element elementor-element-ujz2wvv elementor-widget elementor-widget-text-editor\" data-id=\"ujz2wvv\" data-element_type=\"widget\" data-e-type=\"widget\" data-widget_type=\"text-editor.default\">\n\t\t\t\t<div class=\"elementor-widget-container\">\n\t\t\t\t\t\t\t\t\t<p><b>Biedermannsdorf<\/b> ist eine Marktgemeinde mit\u00a0 ca. 3000 Einwohnern\u00a0 in Nieder\u00f6sterreich ca. 10 km s\u00fcdlich von Wien im politischen Bezirk M\u00f6dling. Die Gesamtfl\u00e4che des Ortes betr\u00e4gt ca 8,947 km\u00b2<\/p><p>Der Ort liegt im Wiener Becken \u00f6stlich der S\u00fcdautobahn\u00a0(A2) und an der M\u00f6dlinger Stra\u00dfe B\u00a011. Der Bahnhof Laxenburg-Biedermannsdorf der Aspangbahn liegt am s\u00fcdlichen Ortsrand, die Pottendorfer Linie (Wien &#8211; Pottendorf &#8211; Wr.\u00a0Neustadt) f\u00fchrt durch das \u00f6stliche Gemeindegebiet.<\/p><p>Durch Biedermannsdorf flie\u00dfen der M\u00f6dlingbach, der daraus ausgeleitete M\u00fchlbach, der Krottenbach und der Haidbach (kleiner Krottenbach) sowie der Wiener Neust\u00e4dter Kanal.<\/p>\t\t\t\t\t\t\t\t<\/div>\n\t\t\t\t<\/div>\n\t\t\t\t\t<\/div>\n\t\t<\/div>\n\t\t\t\t\t<\/div>\n\t\t<\/section>\n\t\t\t\t<section class=\"elementor-section elementor-top-section elementor-element elementor-element-k8dajxp elementor-section-boxed elementor-section-height-default elementor-section-height-default\" data-id=\"k8dajxp\" data-element_type=\"section\" data-e-type=\"section\">\n\t\t\t\t\t\t<div class=\"elementor-container elementor-column-gap-default\">\n\t\t\t\t\t<div class=\"elementor-column elementor-col-100 elementor-top-column elementor-element elementor-element-u93ruty\" data-id=\"u93ruty\" data-element_type=\"column\" data-e-type=\"column\">\n\t\t\t<div class=\"elementor-widget-wrap elementor-element-populated\">\n\t\t\t\t\t\t<div class=\"elementor-element elementor-element-n8k6f0n elementor-align-center elementor-widget elementor-widget-button\" data-id=\"n8k6f0n\" data-element_type=\"widget\" data-e-type=\"widget\" data-widget_type=\"button.default\">\n\t\t\t\t<div class=\"elementor-widget-container\">\n\t\t\t\t\t\t\t\t\t<div class=\"elementor-button-wrapper\">\n\t\t\t\t\t<a class=\"elementor-button elementor-button-link elementor-size-sm\" href=\"http:\/\/www.biedermannsdorf.at\/\" target=\"_blank\">\n\t\t\t\t\t\t<span class=\"elementor-button-content-wrapper\">\n\t\t\t\t\t\t\t\t\t<span class=\"elementor-button-text\">Biedermannsdorf<\/span>\n\t\t\t\t\t<\/span>\n\t\t\t\t\t<\/a>\n\t\t\t\t<\/div>\n\t\t\t\t\t\t\t\t<\/div>\n\t\t\t\t<\/div>\n\t\t\t\t\t<\/div>\n\t\t<\/div>\n\t\t\t\t\t<\/div>\n\t\t<\/section>\n\t\t\t\t<\/div>\n\t\t","protected":false},"excerpt":{"rendered":"<p> &#8230; <a title=\"Biedermannsdorf\" class=\"read-more\" href=\"http:\/\/www.ffbiedermannsdorf.at\/cms\/biedermannsdorf\/\" aria-label=\"Mehr Informationen \u00fcber Biedermannsdorf\">Weiterlesen \u00bb <\/a><\/p>\n","protected":false},"author":3,"featured_media":0,"parent":0,"menu_order":0,"comment_status":"closed","ping_status":"closed","template":"","meta":{"generate_page_header":"","footnotes":""},"class_list":["post-1562","page","type-page","status-publish"],"_links":{"self":[{"href":"http:\/\/www.ffbiedermannsdorf.at\/cms\/wp-json\/wp\/v2\/pages\/1562","targetHints":{"allow":["GET"]}}],"collection":[{"href":"http:\/\/www.ffbiedermannsdorf.at\/cms\/wp-json\/wp\/v2\/pages"}],"about":[{"href":"http:\/\/www.ffbiedermannsdorf.at\/cms\/wp-json\/wp\/v2\/types\/page"}],"author":[{"embeddable":true,"href":"http:\/\/www.ffbiedermannsdorf.at\/cms\/wp-json\/wp\/v2\/users\/3"}],"replies":[{"embeddable":true,"href":"http:\/\/www.ffbiedermannsdorf.at\/cms\/wp-json\/wp\/v2\/comments?post=1562"}],"version-history":[{"count":5,"href":"http:\/\/www.ffbiedermannsdorf.at\/cms\/wp-json\/wp\/v2\/pages\/1562\/revisions"}],"predecessor-version":[{"id":3034,"href":"http:\/\/www.ffbiedermannsdorf.at\/cms\/wp-json\/wp\/v2\/pages\/1562\/revisions\/3034"}],"wp:attachment":[{"href":"http:\/\/www.ffbiedermannsdorf.at\/cms\/wp-json\/wp\/v2\/media?parent=1562"}],"curies":[{"name":"wp","href":"https:\/\/api.w.org\/{rel}","templated":true}]}}