{"id":1301,"date":"2017-04-18T22:04:32","date_gmt":"2017-04-18T20:04:32","guid":{"rendered":"http:\/\/www.ffbiedermannsdorf.at\/cms\/?page_id=1301"},"modified":"2019-11-08T19:23:47","modified_gmt":"2019-11-08T18:23:47","slug":"spenden","status":"publish","type":"page","link":"http:\/\/www.ffbiedermannsdorf.at\/cms\/spenden\/","title":{"rendered":"Spenden"},"content":{"rendered":"\t\t<div data-elementor-type=\"wp-post\" data-elementor-id=\"1301\" class=\"elementor elementor-1301\" data-elementor-post-type=\"page\">\n\t\t\t\t\t\t<section class=\"elementor-section elementor-top-section elementor-element elementor-element-tupzk26 elementor-section-boxed elementor-section-height-default elementor-section-height-default\" data-id=\"tupzk26\" data-element_type=\"section\" data-e-type=\"section\">\n\t\t\t\t\t\t<div class=\"elementor-container elementor-column-gap-default\">\n\t\t\t\t\t<div class=\"elementor-column elementor-col-100 elementor-top-column elementor-element elementor-element-lb2sa0r\" data-id=\"lb2sa0r\" data-element_type=\"column\" data-e-type=\"column\">\n\t\t\t<div class=\"elementor-widget-wrap elementor-element-populated\">\n\t\t\t\t\t\t<div class=\"elementor-element elementor-element-hw6gd5g elementor-widget elementor-widget-text-editor\" data-id=\"hw6gd5g\" data-element_type=\"widget\" data-e-type=\"widget\" data-widget_type=\"text-editor.default\">\n\t\t\t\t<div class=\"elementor-widget-container\">\n\t\t\t\t\t\t\t\t\t<h3>Wir danken Allen f\u00fcr Ihre gro\u00dfz\u00fcgige Spende!<\/h3><p>Spenden k\u00f6nnen \u00fcbrigens ab 2012 abgesetzt werden. \u00a0N\u00e4here Informationen diesbez\u00fcglich, finden Sie in dieser Datei.<\/p><p><a href=\"http:\/\/www.ffbiedermannsdorf.at\/cms\/wp-content\/uploads\/Infoblatt-Spendenbeguenstigungen_fuer_Feuerwehren_01.pdf\" target=\"_blank\" rel=\"noopener\">Informationen- Spendenbeg\u00fcnstigungen <\/a><\/p><p>\u00a0<\/p><h2><a href=\"http:\/\/www.ffbiedermannsdorf.at\/cms\/spendenabsetzbarkeits-formular\/\" target=\"_blank\" rel=\"noopener\">Spendenabsetzbarkeits Fomular<\/a><\/h2><h2>\u00a0<\/h2><h2>KONTOINFORMATIONEN<\/h2><hr \/><p>Bank: <strong>Raika Guntramsdorf<\/strong><\/p><p>BIC: <strong>RLNWATWWGTD<\/strong><\/p><p>IBAN: <strong>AT 74 3225 0000 0050 0058<\/strong><\/p><p>\u00a0<\/p>\t\t\t\t\t\t\t\t<\/div>\n\t\t\t\t<\/div>\n\t\t\t\t\t<\/div>\n\t\t<\/div>\n\t\t\t\t\t<\/div>\n\t\t<\/section>\n\t\t\t\t<section class=\"elementor-section elementor-top-section elementor-element elementor-element-0a07f0f elementor-section-boxed elementor-section-height-default elementor-section-height-default\" data-id=\"0a07f0f\" data-element_type=\"section\" data-e-type=\"section\">\n\t\t\t\t\t\t<div class=\"elementor-container elementor-column-gap-default\">\n\t\t\t\t\t<div class=\"elementor-column elementor-col-100 elementor-top-column elementor-element elementor-element-a279459\" data-id=\"a279459\" data-element_type=\"column\" data-e-type=\"column\">\n\t\t\t<div class=\"elementor-widget-wrap elementor-element-populated\">\n\t\t\t\t\t\t\t<\/div>\n\t\t<\/div>\n\t\t\t\t\t<\/div>\n\t\t<\/section>\n\t\t\t\t<\/div>\n\t\t","protected":false},"excerpt":{"rendered":"<p> &#8230; <a title=\"Spenden\" class=\"read-more\" href=\"http:\/\/www.ffbiedermannsdorf.at\/cms\/spenden\/\" aria-label=\"Mehr Informationen \u00fcber Spenden\">Weiterlesen \u00bb <\/a><\/p>\n","protected":false},"author":3,"featured_media":0,"parent":0,"menu_order":0,"comment_status":"closed","ping_status":"closed","template":"","meta":{"generate_page_header":"","footnotes":""},"class_list":["post-1301","page","type-page","status-publish"],"_links":{"self":[{"href":"http:\/\/www.ffbiedermannsdorf.at\/cms\/wp-json\/wp\/v2\/pages\/1301","targetHints":{"allow":["GET"]}}],"collection":[{"href":"http:\/\/www.ffbiedermannsdorf.at\/cms\/wp-json\/wp\/v2\/pages"}],"about":[{"href":"http:\/\/www.ffbiedermannsdorf.at\/cms\/wp-json\/wp\/v2\/types\/page"}],"author":[{"embeddable":true,"href":"http:\/\/www.ffbiedermannsdorf.at\/cms\/wp-json\/wp\/v2\/users\/3"}],"replies":[{"embeddable":true,"href":"http:\/\/www.ffbiedermannsdorf.at\/cms\/wp-json\/wp\/v2\/comments?post=1301"}],"version-history":[{"count":11,"href":"http:\/\/www.ffbiedermannsdorf.at\/cms\/wp-json\/wp\/v2\/pages\/1301\/revisions"}],"predecessor-version":[{"id":11064,"href":"http:\/\/www.ffbiedermannsdorf.at\/cms\/wp-json\/wp\/v2\/pages\/1301\/revisions\/11064"}],"wp:attachment":[{"href":"http:\/\/www.ffbiedermannsdorf.at\/cms\/wp-json\/wp\/v2\/media?parent=1301"}],"curies":[{"name":"wp","href":"https:\/\/api.w.org\/{rel}","templated":true}]}}