{"id":11048,"date":"2019-11-08T18:27:09","date_gmt":"2019-11-08T17:27:09","guid":{"rendered":"http:\/\/www.ffbiedermannsdorf.at\/cms\/?page_id=11048"},"modified":"2019-11-08T19:06:34","modified_gmt":"2019-11-08T18:06:34","slug":"datenschutz","status":"publish","type":"page","link":"http:\/\/www.ffbiedermannsdorf.at\/cms\/datenschutz\/","title":{"rendered":"Datenschutz"},"content":{"rendered":"\t\t<div data-elementor-type=\"wp-page\" data-elementor-id=\"11048\" class=\"elementor elementor-11048\" data-elementor-post-type=\"page\">\n\t\t\t\t\t\t<section class=\"elementor-section elementor-top-section elementor-element elementor-element-9de134b elementor-section-boxed elementor-section-height-default elementor-section-height-default\" data-id=\"9de134b\" data-element_type=\"section\" data-e-type=\"section\">\n\t\t\t\t\t\t<div class=\"elementor-container elementor-column-gap-default\">\n\t\t\t\t\t<div class=\"elementor-column elementor-col-100 elementor-top-column elementor-element elementor-element-00cf29e\" data-id=\"00cf29e\" data-element_type=\"column\" data-e-type=\"column\">\n\t\t\t<div class=\"elementor-widget-wrap elementor-element-populated\">\n\t\t\t\t\t\t<div class=\"elementor-element elementor-element-f0556cd elementor-widget elementor-widget-text-editor\" data-id=\"f0556cd\" data-element_type=\"widget\" data-e-type=\"widget\" data-widget_type=\"text-editor.default\">\n\t\t\t\t<div class=\"elementor-widget-container\">\n\t\t\t\t\t\t\t\t\t<p><strong>Datenschutzerkl\u00e4rung<\/strong><\/p><p>Die Freiwillige Feuerwehr Biedermannsdorf legt gr\u00f6\u00dften Wert auf den Schutz Ihrer Daten und die Wahrung Ihrer Privatsph\u00e4re.<br \/>Nachstehend informieren wir Sie deshalb \u00fcber die Erhebung und Verwendung<br \/>pers\u00f6nlicher Daten bei Nutzung unserer Webseite.<\/p><p><strong>Erhebung und Verarbeitung bei Nutzung des Kontaktformulars<\/strong><br \/>Bei Nutzung des Formulars erheben wir personenbezogene Daten<br \/>(Einzelangaben \u00fcber pers\u00f6nliche oder sachliche Verh\u00e4ltnisse einer bestimmten oder<br \/>bestimmbaren nat\u00fcrlichen Person) nur in dem von Ihnen zur Verf\u00fcgung gestellten<br \/>Umfang. Ihre Emailadresse nutzen wir nur zur Bearbeitung Ihrer Anfrage. Ihre Daten<br \/>werden anschlie\u00dfend gel\u00f6scht, sofern Sie der weitergehenden Verarbeitung und<br \/>Nutzung nicht zugestimmt haben.<\/p><p><strong>Weitergabe personenbezogener Daten<\/strong><br \/>Wir \u00fcbermitteln Ihre personenbezogenen Daten an das Finanzamt um Ihre Spendenabsetzbarkeit zu erm\u00f6glichen.<\/p><p><strong>Cookies<\/strong><br \/>Unsere Internetseiten verwenden an mehreren Stellen so genannte Cookies. Cookies<br \/>sind kleine Textdateien, die auf Ihrem Rechner abgelegt werden und die Ihr Browser<br \/>speichert. Sie dienen dazu, unser Angebot nutzerfreundlicher, effektiver und sicherer<br \/>zu machen. Des Weiteren erm\u00f6glichen Cookies den Systemen, Ihren Browser zu<br \/>erkennen und Ihnen Services anzubieten. Cookies enthalten keine<br \/>personenbezogenen Daten.<\/p><p><strong>Auskunft, Berichtigung, Sperrung und L\u00f6schung von Daten<\/strong><br \/>Sie haben jederzeit das Recht auf unentgeltliche Auskunft \u00fcber Ihre gespeicherten<br \/>Daten sowie das Recht auf Berichtigung, L\u00f6schung bzw. Sperrung. Kontaktieren Sie<br \/>uns auf Wunsch. Die Kontaktdaten finden Sie in unserem Impressum.<\/p>\t\t\t\t\t\t\t\t<\/div>\n\t\t\t\t<\/div>\n\t\t\t\t\t<\/div>\n\t\t<\/div>\n\t\t\t\t\t<\/div>\n\t\t<\/section>\n\t\t\t\t<\/div>\n\t\t","protected":false},"excerpt":{"rendered":"<p> &#8230; <a title=\"Datenschutz\" class=\"read-more\" href=\"http:\/\/www.ffbiedermannsdorf.at\/cms\/datenschutz\/\" aria-label=\"Mehr Informationen \u00fcber Datenschutz\">Weiterlesen \u00bb <\/a><\/p>\n","protected":false},"author":3,"featured_media":0,"parent":0,"menu_order":0,"comment_status":"closed","ping_status":"closed","template":"","meta":{"generate_page_header":"","footnotes":""},"class_list":["post-11048","page","type-page","status-publish"],"_links":{"self":[{"href":"http:\/\/www.ffbiedermannsdorf.at\/cms\/wp-json\/wp\/v2\/pages\/11048","targetHints":{"allow":["GET"]}}],"collection":[{"href":"http:\/\/www.ffbiedermannsdorf.at\/cms\/wp-json\/wp\/v2\/pages"}],"about":[{"href":"http:\/\/www.ffbiedermannsdorf.at\/cms\/wp-json\/wp\/v2\/types\/page"}],"author":[{"embeddable":true,"href":"http:\/\/www.ffbiedermannsdorf.at\/cms\/wp-json\/wp\/v2\/users\/3"}],"replies":[{"embeddable":true,"href":"http:\/\/www.ffbiedermannsdorf.at\/cms\/wp-json\/wp\/v2\/comments?post=11048"}],"version-history":[{"count":4,"href":"http:\/\/www.ffbiedermannsdorf.at\/cms\/wp-json\/wp\/v2\/pages\/11048\/revisions"}],"predecessor-version":[{"id":11054,"href":"http:\/\/www.ffbiedermannsdorf.at\/cms\/wp-json\/wp\/v2\/pages\/11048\/revisions\/11054"}],"wp:attachment":[{"href":"http:\/\/www.ffbiedermannsdorf.at\/cms\/wp-json\/wp\/v2\/media?parent=11048"}],"curies":[{"name":"wp","href":"https:\/\/api.w.org\/{rel}","templated":true}]}}